{"id":1587,"date":"2022-10-31T12:18:38","date_gmt":"2022-10-31T11:18:38","guid":{"rendered":"https:\/\/www.lepregaloffre.com\/?page_id=1587"},"modified":"2025-12-09T09:47:20","modified_gmt":"2025-12-09T08:47:20","slug":"what-to-do-at-the-pont-du-gard","status":"publish","type":"page","link":"https:\/\/www.lepregaloffre.com\/en\/tourism\/what-to-do-at-the-pont-du-gard\/","title":{"rendered":"Uz\u00e8s &amp; the Pont du Gard"},"content":{"rendered":"<div data-elementor-type=\"wp-page\" data-elementor-id=\"1587\" class=\"elementor elementor-1587\" data-elementor-post-type=\"page\">\n\t\t\t\t<div class=\"elementor-element elementor-element-7d40454 e-con-full e-flex e-con e-parent\" data-id=\"7d40454\" data-element_type=\"container\" id=\"hero-section\" data-settings=\"{&quot;background_background&quot;:&quot;classic&quot;}\">\n\t\t\t\t<div class=\"elementor-element elementor-element-6235229 elementor-widget elementor-widget-heading\" data-id=\"6235229\" data-element_type=\"widget\" data-widget_type=\"heading.default\">\n\t\t\t\t<div class=\"elementor-widget-container\">\n\t\t\t\t\t<h1 class=\"elementor-heading-title elementor-size-default\">What to do at the Pont du Gard<\/h1>\t\t\t\t<\/div>\n\t\t\t\t<\/div>\n\t\t\t\t<div class=\"elementor-element elementor-element-28da46e elementor-widget__width-auto elementor-absolute e-transform elementor-view-default elementor-widget elementor-widget-icon\" data-id=\"28da46e\" data-element_type=\"widget\" data-settings=\"{&quot;_position&quot;:&quot;absolute&quot;,&quot;_transform_rotateZ_effect&quot;:{&quot;unit&quot;:&quot;px&quot;,&quot;size&quot;:90,&quot;sizes&quot;:[]},&quot;_transform_rotateZ_effect_tablet&quot;:{&quot;unit&quot;:&quot;deg&quot;,&quot;size&quot;:&quot;&quot;,&quot;sizes&quot;:[]},&quot;_transform_rotateZ_effect_mobile&quot;:{&quot;unit&quot;:&quot;deg&quot;,&quot;size&quot;:&quot;&quot;,&quot;sizes&quot;:[]}}\" data-widget_type=\"icon.default\">\n\t\t\t\t<div class=\"elementor-widget-container\">\n\t\t\t\t\t\t\t<div class=\"elementor-icon-wrapper\">\n\t\t\t<a class=\"elementor-icon\" href=\"#first-content\">\n\t\t\t<i aria-hidden=\"true\" class=\"eliofont eliofont-arrow-right\"><\/i>\t\t\t<\/a>\n\t\t<\/div>\n\t\t\t\t\t\t<\/div>\n\t\t\t\t<\/div>\n\t\t\t\t<\/div>\n\t\t<div class=\"elementor-element elementor-element-18b5a01 e-flex e-con-boxed e-con e-parent\" data-id=\"18b5a01\" data-element_type=\"container\" data-settings=\"{&quot;background_background&quot;:&quot;classic&quot;}\">\n\t\t\t\t\t<div class=\"e-con-inner\">\n\t\t\t\t<div class=\"elementor-element elementor-element-fa37bf3 elementor-widget__width-initial split-img elementor-widget elementor-widget-image\" data-id=\"fa37bf3\" data-element_type=\"widget\" data-widget_type=\"image.default\">\n\t\t\t\t<div class=\"elementor-widget-container\">\n\t\t\t\t\t\t\t\t\t\t\t\t\t\t\t<img fetchpriority=\"high\" decoding=\"async\" width=\"300\" height=\"200\" src=\"https:\/\/www.lepregaloffre.com\/wp-content\/uploads\/2022\/10\/transparent.png\" class=\"attachment-full size-full wp-image-338\" alt=\"\" srcset=\"https:\/\/www.lepregaloffre.com\/wp-content\/uploads\/2022\/10\/transparent.png 300w, https:\/\/www.lepregaloffre.com\/wp-content\/uploads\/2022\/10\/transparent-18x12.png 18w\" sizes=\"(max-width: 300px) 100vw, 300px\" title=\"\">\t\t\t\t\t\t\t\t\t\t\t\t\t\t\t<\/div>\n\t\t\t\t<\/div>\n\t\t<div class=\"elementor-element elementor-element-030d71c animated-slow e-con-full e-flex elementor-invisible e-con e-child\" data-id=\"030d71c\" data-element_type=\"container\" data-settings=\"{&quot;animation&quot;:&quot;fadeInRight&quot;,&quot;animation_delay&quot;:500}\">\n\t\t\t\t<div class=\"elementor-element elementor-element-806004f elementor-widget elementor-widget-heading\" data-id=\"806004f\" data-element_type=\"widget\" data-widget_type=\"heading.default\">\n\t\t\t\t<div class=\"elementor-widget-container\">\n\t\t\t\t\t<h2 class=\"elementor-heading-title elementor-size-default\">Uz\u00e8s and the Pont du Gard<\/h2>\t\t\t\t<\/div>\n\t\t\t\t<\/div>\n\t\t\t\t<div class=\"elementor-element elementor-element-fca4b4f elementor-widget elementor-widget-text-editor\" data-id=\"fca4b4f\" data-element_type=\"widget\" data-widget_type=\"text-editor.default\">\n\t\t\t\t<div class=\"elementor-widget-container\">\n\t\t\t\t\t\t\t\t\t<p>Majestic, elegant and blending beautifully into its natural, wild surroundings, discover the Pont du Gard, an aqueduct of exceptional dimensions at the gateway to the Gardon Gorges. Then enjoy the warm, colourful atmosphere of Provence in Uz\u00e8s, where you can lose yourself in the maze of narrow streets and shady squares.<\/p>\t\t\t\t\t\t\t\t<\/div>\n\t\t\t\t<\/div>\n\t\t\t\t<\/div>\n\t\t\t\t\t<\/div>\n\t\t\t\t<\/div>\n\t\t<div class=\"elementor-element elementor-element-63397a5 e-flex e-con-boxed e-con e-parent\" data-id=\"63397a5\" data-element_type=\"container\" data-settings=\"{&quot;background_background&quot;:&quot;classic&quot;}\">\n\t\t\t\t\t<div class=\"e-con-inner\">\n\t\t<div class=\"elementor-element elementor-element-af04466 animated-slow e-con-full e-flex elementor-invisible e-con e-child\" data-id=\"af04466\" data-element_type=\"container\" data-settings=\"{&quot;animation&quot;:&quot;fadeInLeft&quot;,&quot;animation_delay&quot;:500}\">\n\t\t\t\t<div class=\"elementor-element elementor-element-9f2654a elementor-widget elementor-widget-heading\" data-id=\"9f2654a\" data-element_type=\"widget\" data-widget_type=\"heading.default\">\n\t\t\t\t<div class=\"elementor-widget-container\">\n\t\t\t\t\t<h2 class=\"elementor-heading-title elementor-size-default\">Uz\u00e8s<\/h2>\t\t\t\t<\/div>\n\t\t\t\t<\/div>\n\t\t\t\t<div class=\"elementor-element elementor-element-0298ca6 elementor-widget elementor-widget-text-editor\" data-id=\"0298ca6\" data-element_type=\"widget\" data-widget_type=\"text-editor.default\">\n\t\t\t\t<div class=\"elementor-widget-container\">\n\t\t\t\t\t\t\t\t\t<p>Elegant and discreet, Uz\u00e8s reveals itself through secret gardens, medieval alleyways, shaded squares and mansions. The Fenestrelle Tower, a harmonious 12th-century Romanesque relic attached to Saint Th\u00e9odorit Cathedral, and the famous Duchy of Uz\u00e8s are among the must-see attractions during your visit to the town. Soak up the gentle Proven\u00e7al lifestyle by visiting the market at Place aux Herbes, which showcases local products that are colourful and full of flavour.<\/p>\t\t\t\t\t\t\t\t<\/div>\n\t\t\t\t<\/div>\n\t\t\t\t<\/div>\n\t\t<div class=\"elementor-element elementor-element-bcc2404 e-con-full e-flex e-con e-child\" data-id=\"bcc2404\" data-element_type=\"container\" data-settings=\"{&quot;background_background&quot;:&quot;classic&quot;}\">\n\t\t\t\t<div class=\"elementor-element elementor-element-f2b5c49 elementor-widget__width-initial elementor-widget elementor-widget-image\" data-id=\"f2b5c49\" data-element_type=\"widget\" data-widget_type=\"image.default\">\n\t\t\t\t<div class=\"elementor-widget-container\">\n\t\t\t\t\t\t\t\t\t\t\t\t\t\t\t<img decoding=\"async\" width=\"1920\" height=\"2560\" src=\"https:\/\/www.lepregaloffre.com\/wp-content\/uploads\/2025\/12\/tour-fenestrelle-uzes-scaled.jpg\" class=\"attachment-full size-full wp-image-3594\" alt=\"\" srcset=\"https:\/\/www.lepregaloffre.com\/wp-content\/uploads\/2025\/12\/tour-fenestrelle-uzes-scaled.jpg 1920w, https:\/\/www.lepregaloffre.com\/wp-content\/uploads\/2025\/12\/tour-fenestrelle-uzes-225x300.jpg 225w, https:\/\/www.lepregaloffre.com\/wp-content\/uploads\/2025\/12\/tour-fenestrelle-uzes-768x1024.jpg 768w, https:\/\/www.lepregaloffre.com\/wp-content\/uploads\/2025\/12\/tour-fenestrelle-uzes-1152x1536.jpg 1152w, https:\/\/www.lepregaloffre.com\/wp-content\/uploads\/2025\/12\/tour-fenestrelle-uzes-1536x2048.jpg 1536w, https:\/\/www.lepregaloffre.com\/wp-content\/uploads\/2025\/12\/tour-fenestrelle-uzes-9x12.jpg 9w\" sizes=\"(max-width: 1920px) 100vw, 1920px\" title=\"\">\t\t\t\t\t\t\t\t\t\t\t\t\t\t\t<\/div>\n\t\t\t\t<\/div>\n\t\t<div class=\"elementor-element elementor-element-938a2db elementor-hidden-mobile e-con-full e-flex e-con e-child\" data-id=\"938a2db\" data-element_type=\"container\">\n\t\t\t\t<div class=\"elementor-element elementor-element-beaee5b elementor-widget elementor-widget-image\" data-id=\"beaee5b\" data-element_type=\"widget\" data-widget_type=\"image.default\">\n\t\t\t\t<div class=\"elementor-widget-container\">\n\t\t\t\t\t\t\t\t\t\t\t\t\t\t\t<img decoding=\"async\" width=\"2126\" height=\"1410\" src=\"https:\/\/www.lepregaloffre.com\/wp-content\/uploads\/2025\/12\/uzes-ville-1.jpg\" class=\"attachment-full size-full wp-image-3574\" alt=\"\" srcset=\"https:\/\/www.lepregaloffre.com\/wp-content\/uploads\/2025\/12\/uzes-ville-1.jpg 2126w, https:\/\/www.lepregaloffre.com\/wp-content\/uploads\/2025\/12\/uzes-ville-1-300x199.jpg 300w, https:\/\/www.lepregaloffre.com\/wp-content\/uploads\/2025\/12\/uzes-ville-1-1024x679.jpg 1024w, https:\/\/www.lepregaloffre.com\/wp-content\/uploads\/2025\/12\/uzes-ville-1-768x509.jpg 768w, https:\/\/www.lepregaloffre.com\/wp-content\/uploads\/2025\/12\/uzes-ville-1-1536x1019.jpg 1536w, https:\/\/www.lepregaloffre.com\/wp-content\/uploads\/2025\/12\/uzes-ville-1-2048x1358.jpg 2048w, https:\/\/www.lepregaloffre.com\/wp-content\/uploads\/2025\/12\/uzes-ville-1-18x12.jpg 18w\" sizes=\"(max-width: 2126px) 100vw, 2126px\" title=\"\">\t\t\t\t\t\t\t\t\t\t\t\t\t\t\t<\/div>\n\t\t\t\t<\/div>\n\t\t\t\t<div class=\"elementor-element elementor-element-293cde0 elementor-widget elementor-widget-image\" data-id=\"293cde0\" data-element_type=\"widget\" data-widget_type=\"image.default\">\n\t\t\t\t<div class=\"elementor-widget-container\">\n\t\t\t\t\t\t\t\t\t\t\t\t\t\t\t<img loading=\"lazy\" decoding=\"async\" width=\"2121\" height=\"1413\" src=\"https:\/\/www.lepregaloffre.com\/wp-content\/uploads\/2025\/12\/uzes-ville.jpg\" class=\"attachment-full size-full wp-image-3573\" alt=\"\" srcset=\"https:\/\/www.lepregaloffre.com\/wp-content\/uploads\/2025\/12\/uzes-ville.jpg 2121w, https:\/\/www.lepregaloffre.com\/wp-content\/uploads\/2025\/12\/uzes-ville-300x200.jpg 300w, https:\/\/www.lepregaloffre.com\/wp-content\/uploads\/2025\/12\/uzes-ville-1024x682.jpg 1024w, https:\/\/www.lepregaloffre.com\/wp-content\/uploads\/2025\/12\/uzes-ville-768x512.jpg 768w, https:\/\/www.lepregaloffre.com\/wp-content\/uploads\/2025\/12\/uzes-ville-1536x1023.jpg 1536w, https:\/\/www.lepregaloffre.com\/wp-content\/uploads\/2025\/12\/uzes-ville-2048x1364.jpg 2048w, https:\/\/www.lepregaloffre.com\/wp-content\/uploads\/2025\/12\/uzes-ville-18x12.jpg 18w\" sizes=\"(max-width: 2121px) 100vw, 2121px\" title=\"\">\t\t\t\t\t\t\t\t\t\t\t\t\t\t\t<\/div>\n\t\t\t\t<\/div>\n\t\t\t\t<\/div>\n\t\t\t\t<\/div>\n\t\t\t\t\t<\/div>\n\t\t\t\t<\/div>\n\t\t<div class=\"elementor-element elementor-element-3cdb4d8 e-flex e-con-boxed e-con e-parent\" data-id=\"3cdb4d8\" data-element_type=\"container\" data-settings=\"{&quot;background_background&quot;:&quot;classic&quot;}\">\n\t\t\t\t\t<div class=\"e-con-inner\">\n\t\t<div class=\"elementor-element elementor-element-d10aaec e-con-full e-flex e-con e-child\" data-id=\"d10aaec\" data-element_type=\"container\" data-settings=\"{&quot;background_background&quot;:&quot;classic&quot;}\">\n\t\t\t\t<div class=\"elementor-element elementor-element-fdad16d elementor-widget__width-initial elementor-widget elementor-widget-image\" data-id=\"fdad16d\" data-element_type=\"widget\" data-widget_type=\"image.default\">\n\t\t\t\t<div class=\"elementor-widget-container\">\n\t\t\t\t\t\t\t\t\t\t\t\t\t\t\t<img loading=\"lazy\" decoding=\"async\" width=\"1732\" height=\"1732\" src=\"https:\/\/www.lepregaloffre.com\/wp-content\/uploads\/2025\/12\/pont-du-gard-sunset.jpg\" class=\"attachment-full size-full wp-image-3593\" alt=\"\" srcset=\"https:\/\/www.lepregaloffre.com\/wp-content\/uploads\/2025\/12\/pont-du-gard-sunset.jpg 1732w, https:\/\/www.lepregaloffre.com\/wp-content\/uploads\/2025\/12\/pont-du-gard-sunset-300x300.jpg 300w, https:\/\/www.lepregaloffre.com\/wp-content\/uploads\/2025\/12\/pont-du-gard-sunset-1024x1024.jpg 1024w, https:\/\/www.lepregaloffre.com\/wp-content\/uploads\/2025\/12\/pont-du-gard-sunset-150x150.jpg 150w, https:\/\/www.lepregaloffre.com\/wp-content\/uploads\/2025\/12\/pont-du-gard-sunset-768x768.jpg 768w, https:\/\/www.lepregaloffre.com\/wp-content\/uploads\/2025\/12\/pont-du-gard-sunset-1536x1536.jpg 1536w, https:\/\/www.lepregaloffre.com\/wp-content\/uploads\/2025\/12\/pont-du-gard-sunset-12x12.jpg 12w\" sizes=\"(max-width: 1732px) 100vw, 1732px\" title=\"\">\t\t\t\t\t\t\t\t\t\t\t\t\t\t\t<\/div>\n\t\t\t\t<\/div>\n\t\t<div class=\"elementor-element elementor-element-81393f5 elementor-hidden-mobile e-con-full e-flex e-con e-child\" data-id=\"81393f5\" data-element_type=\"container\">\n\t\t\t\t<div class=\"elementor-element elementor-element-fb429f0 elementor-widget elementor-widget-image\" data-id=\"fb429f0\" data-element_type=\"widget\" data-widget_type=\"image.default\">\n\t\t\t\t<div class=\"elementor-widget-container\">\n\t\t\t\t\t\t\t\t\t\t\t\t\t\t\t<img loading=\"lazy\" decoding=\"async\" width=\"1732\" height=\"1732\" src=\"https:\/\/www.lepregaloffre.com\/wp-content\/uploads\/2025\/12\/pont-du-gard.jpg\" class=\"attachment-full size-full wp-image-3572\" alt=\"\" srcset=\"https:\/\/www.lepregaloffre.com\/wp-content\/uploads\/2025\/12\/pont-du-gard.jpg 1732w, https:\/\/www.lepregaloffre.com\/wp-content\/uploads\/2025\/12\/pont-du-gard-300x300.jpg 300w, https:\/\/www.lepregaloffre.com\/wp-content\/uploads\/2025\/12\/pont-du-gard-1024x1024.jpg 1024w, https:\/\/www.lepregaloffre.com\/wp-content\/uploads\/2025\/12\/pont-du-gard-150x150.jpg 150w, https:\/\/www.lepregaloffre.com\/wp-content\/uploads\/2025\/12\/pont-du-gard-768x768.jpg 768w, https:\/\/www.lepregaloffre.com\/wp-content\/uploads\/2025\/12\/pont-du-gard-1536x1536.jpg 1536w, https:\/\/www.lepregaloffre.com\/wp-content\/uploads\/2025\/12\/pont-du-gard-12x12.jpg 12w\" sizes=\"(max-width: 1732px) 100vw, 1732px\" title=\"\">\t\t\t\t\t\t\t\t\t\t\t\t\t\t\t<\/div>\n\t\t\t\t<\/div>\n\t\t\t\t<div class=\"elementor-element elementor-element-312d029 elementor-widget elementor-widget-image\" data-id=\"312d029\" data-element_type=\"widget\" data-widget_type=\"image.default\">\n\t\t\t\t<div class=\"elementor-widget-container\">\n\t\t\t\t\t\t\t\t\t\t\t\t\t\t\t<img loading=\"lazy\" decoding=\"async\" width=\"2309\" height=\"1299\" src=\"https:\/\/www.lepregaloffre.com\/wp-content\/uploads\/2025\/12\/pont-du-gard-1.jpg\" class=\"attachment-full size-full wp-image-3592\" alt=\"\" srcset=\"https:\/\/www.lepregaloffre.com\/wp-content\/uploads\/2025\/12\/pont-du-gard-1.jpg 2309w, https:\/\/www.lepregaloffre.com\/wp-content\/uploads\/2025\/12\/pont-du-gard-1-300x169.jpg 300w, https:\/\/www.lepregaloffre.com\/wp-content\/uploads\/2025\/12\/pont-du-gard-1-1024x576.jpg 1024w, https:\/\/www.lepregaloffre.com\/wp-content\/uploads\/2025\/12\/pont-du-gard-1-768x432.jpg 768w, https:\/\/www.lepregaloffre.com\/wp-content\/uploads\/2025\/12\/pont-du-gard-1-1536x864.jpg 1536w, https:\/\/www.lepregaloffre.com\/wp-content\/uploads\/2025\/12\/pont-du-gard-1-2048x1152.jpg 2048w, https:\/\/www.lepregaloffre.com\/wp-content\/uploads\/2025\/12\/pont-du-gard-1-18x10.jpg 18w\" sizes=\"(max-width: 2309px) 100vw, 2309px\" title=\"\">\t\t\t\t\t\t\t\t\t\t\t\t\t\t\t<\/div>\n\t\t\t\t<\/div>\n\t\t\t\t<\/div>\n\t\t\t\t<\/div>\n\t\t<div class=\"elementor-element elementor-element-f427a79 animated-slow e-con-full e-flex elementor-invisible e-con e-child\" data-id=\"f427a79\" data-element_type=\"container\" data-settings=\"{&quot;animation&quot;:&quot;fadeInLeft&quot;,&quot;animation_delay&quot;:500}\">\n\t\t\t\t<div class=\"elementor-element elementor-element-f7ee687 elementor-widget elementor-widget-heading\" data-id=\"f7ee687\" data-element_type=\"widget\" data-widget_type=\"heading.default\">\n\t\t\t\t<div class=\"elementor-widget-container\">\n\t\t\t\t\t<h2 class=\"elementor-heading-title elementor-size-default\">The Pont du Gard<\/h2>\t\t\t\t<\/div>\n\t\t\t\t<\/div>\n\t\t\t\t<div class=\"elementor-element elementor-element-43e2748 elementor-widget elementor-widget-text-editor\" data-id=\"43e2748\" data-element_type=\"widget\" data-widget_type=\"text-editor.default\">\n\t\t\t\t<div class=\"elementor-widget-container\">\n\t\t\t\t\t\t\t\t\t<p>A few kilometres from Uz\u00e8s stands the majestic Pont du Gard, which, with its 2,000 years of history, overlooks the Gardon River, the Uz\u00e8ge region and its rolling landscapes. Listed as a UNESCO World Heritage Site, its impressive proportions (50 metres high on three levels) allowed the N\u00eemes aqueduct to cross the Gardon River. Swimming, a visit to the museum dedicated to its history, canoeing and hiking or mountain biking will enhance your visit to this magnificent ancient site, the most visited in France. Le Pr\u00e9 Galoffre, a hotel in the Gard, enjoys a unique location for visiting these sites rich in history.<\/p>\t\t\t\t\t\t\t\t<\/div>\n\t\t\t\t<\/div>\n\t\t\t\t<\/div>\n\t\t\t\t\t<\/div>\n\t\t\t\t<\/div>\n\t\t<div class=\"elementor-element elementor-element-f2f51e9 e-flex e-con-boxed e-con e-parent\" data-id=\"f2f51e9\" data-element_type=\"container\">\n\t\t\t\t\t<div class=\"e-con-inner\">\n\t\t\t\t<div class=\"elementor-element elementor-element-7f80abd elementor-widget__width-auto destination-btn-nav elementor-mobile-align-center elementor-widget-mobile__width-inherit elementor-widget elementor-widget-button\" data-id=\"7f80abd\" data-element_type=\"widget\" data-widget_type=\"button.default\">\n\t\t\t\t<div class=\"elementor-widget-container\">\n\t\t\t\t\t\t\t\t\t<div class=\"elementor-button-wrapper\">\n\t\t\t\t\t<a class=\"elementor-button elementor-button-link elementor-size-xs\" href=\"https:\/\/www.lepregaloffre.com\/en\/tourism\/what-to-do-in-nimes\/\">\n\t\t\t\t\t\t<span class=\"elementor-button-content-wrapper\">\n\t\t\t\t\t\t<span class=\"elementor-button-icon\">\n\t\t\t\t<i aria-hidden=\"true\" class=\"eliofont eliofont-arrow-left\"><\/i>\t\t\t<\/span>\n\t\t\t\t\t\t\t\t\t<span class=\"elementor-button-text\">Previous destination<\/span>\n\t\t\t\t\t<\/span>\n\t\t\t\t\t<\/a>\n\t\t\t\t<\/div>\n\t\t\t\t\t\t\t\t<\/div>\n\t\t\t\t<\/div>\n\t\t\t\t<div class=\"elementor-element elementor-element-95d2f56 elementor-widget__width-auto destination-btn-nav elementor-mobile-align-center elementor-widget-mobile__width-inherit elementor-widget elementor-widget-button\" data-id=\"95d2f56\" data-element_type=\"widget\" data-widget_type=\"button.default\">\n\t\t\t\t<div class=\"elementor-widget-container\">\n\t\t\t\t\t\t\t\t\t<div class=\"elementor-button-wrapper\">\n\t\t\t\t\t<a class=\"elementor-button elementor-button-link elementor-size-xs\" href=\"https:\/\/www.lepregaloffre.com\/en\/tourism\/what-to-do-in-the-camargue\/\">\n\t\t\t\t\t\t<span class=\"elementor-button-content-wrapper\">\n\t\t\t\t\t\t<span class=\"elementor-button-icon\">\n\t\t\t\t<i aria-hidden=\"true\" class=\"eliofont eliofont-arrow-right\"><\/i>\t\t\t<\/span>\n\t\t\t\t\t\t\t\t\t<span class=\"elementor-button-text\">Next destination<\/span>\n\t\t\t\t\t<\/span>\n\t\t\t\t\t<\/a>\n\t\t\t\t<\/div>\n\t\t\t\t\t\t\t\t<\/div>\n\t\t\t\t<\/div>\n\t\t\t\t\t<\/div>\n\t\t\t\t<\/div>\n\t\t\t\t<\/div>","protected":false},"excerpt":{"rendered":"<p>What to do at the Pont du Gard Uz\u00e8s and the Pont du Gard Majestic, elegant and perfectly integrated into a wild, natural site, discover the Pont du Gard, an aqueduct of exceptional dimensions, at the gateway to the Gardon gorges. Then enjoy the warm, colourful atmosphere of Provence in Uz\u00e8s, which is truly enchanting [...]<\/p>","protected":false},"author":11,"featured_media":0,"parent":203,"menu_order":0,"comment_status":"closed","ping_status":"closed","template":"","meta":{"_acf_changed":false,"inline_featured_image":false,"footnotes":""},"class_list":["post-1587","page","type-page","status-publish","hentry"],"acf":[],"_links":{"self":[{"href":"https:\/\/www.lepregaloffre.com\/en\/wp-json\/wp\/v2\/pages\/1587","targetHints":{"allow":["GET"]}}],"collection":[{"href":"https:\/\/www.lepregaloffre.com\/en\/wp-json\/wp\/v2\/pages"}],"about":[{"href":"https:\/\/www.lepregaloffre.com\/en\/wp-json\/wp\/v2\/types\/page"}],"author":[{"embeddable":true,"href":"https:\/\/www.lepregaloffre.com\/en\/wp-json\/wp\/v2\/users\/11"}],"replies":[{"embeddable":true,"href":"https:\/\/www.lepregaloffre.com\/en\/wp-json\/wp\/v2\/comments?post=1587"}],"version-history":[{"count":77,"href":"https:\/\/www.lepregaloffre.com\/en\/wp-json\/wp\/v2\/pages\/1587\/revisions"}],"predecessor-version":[{"id":3923,"href":"https:\/\/www.lepregaloffre.com\/en\/wp-json\/wp\/v2\/pages\/1587\/revisions\/3923"}],"up":[{"embeddable":true,"href":"https:\/\/www.lepregaloffre.com\/en\/wp-json\/wp\/v2\/pages\/203"}],"wp:attachment":[{"href":"https:\/\/www.lepregaloffre.com\/en\/wp-json\/wp\/v2\/media?parent=1587"}],"curies":[{"name":"wp","href":"https:\/\/api.w.org\/{rel}","templated":true}]}}