{"id":201,"date":"2022-10-26T08:57:18","date_gmt":"2022-10-26T06:57:18","guid":{"rendered":"https:\/\/www.lepregaloffre.com\/?page_id=201"},"modified":"2026-02-20T10:36:52","modified_gmt":"2026-02-20T09:36:52","slug":"activities-in-nimes","status":"publish","type":"page","link":"https:\/\/www.lepregaloffre.com\/en\/activities-in-nimes\/","title":{"rendered":"Relaxation area"},"content":{"rendered":"<div data-elementor-type=\"wp-page\" data-elementor-id=\"201\" class=\"elementor elementor-201\" data-elementor-post-type=\"page\">\n\t\t\t\t<div class=\"elementor-element elementor-element-8b42c51 e-con-full e-flex e-con e-parent\" data-id=\"8b42c51\" data-element_type=\"container\" id=\"hero-section\" data-settings=\"{&quot;background_background&quot;:&quot;classic&quot;}\">\n\t\t\t\t<div class=\"elementor-element elementor-element-1f8458d elementor-widget elementor-widget-heading\" data-id=\"1f8458d\" data-element_type=\"widget\" data-widget_type=\"heading.default\">\n\t\t\t\t<div class=\"elementor-widget-container\">\n\t\t\t\t\t<span class=\"elementor-heading-title elementor-size-default\">Relaxation &amp; Leisure<\/span>\t\t\t\t<\/div>\n\t\t\t\t<\/div>\n\t\t\t\t<div class=\"elementor-element elementor-element-f9442e9 elementor-widget elementor-widget-heading\" data-id=\"f9442e9\" data-element_type=\"widget\" data-widget_type=\"heading.default\">\n\t\t\t\t<div class=\"elementor-widget-container\">\n\t\t\t\t\t<h1 class=\"elementor-heading-title elementor-size-default\">Leisure &amp; activities in N\u00eemes<\/h1>\t\t\t\t<\/div>\n\t\t\t\t<\/div>\n\t\t\t\t<div class=\"elementor-element elementor-element-884eb1b elementor-widget__width-auto elementor-absolute e-transform elementor-view-default elementor-widget elementor-widget-icon\" data-id=\"884eb1b\" data-element_type=\"widget\" data-settings=\"{&quot;_position&quot;:&quot;absolute&quot;,&quot;_transform_rotateZ_effect&quot;:{&quot;unit&quot;:&quot;px&quot;,&quot;size&quot;:90,&quot;sizes&quot;:[]},&quot;_transform_rotateZ_effect_tablet&quot;:{&quot;unit&quot;:&quot;deg&quot;,&quot;size&quot;:&quot;&quot;,&quot;sizes&quot;:[]},&quot;_transform_rotateZ_effect_mobile&quot;:{&quot;unit&quot;:&quot;deg&quot;,&quot;size&quot;:&quot;&quot;,&quot;sizes&quot;:[]}}\" data-widget_type=\"icon.default\">\n\t\t\t\t<div class=\"elementor-widget-container\">\n\t\t\t\t\t\t\t<div class=\"elementor-icon-wrapper\">\n\t\t\t<a class=\"elementor-icon\" href=\"#first-content\">\n\t\t\t<i aria-hidden=\"true\" class=\"eliofont eliofont-arrow-right\"><\/i>\t\t\t<\/a>\n\t\t<\/div>\n\t\t\t\t\t\t<\/div>\n\t\t\t\t<\/div>\n\t\t\t\t<\/div>\n\t\t<div class=\"elementor-element elementor-element-19ccff6 e-flex e-con-boxed e-con e-parent\" data-id=\"19ccff6\" data-element_type=\"container\" id=\"first-content\" data-settings=\"{&quot;background_background&quot;:&quot;classic&quot;}\">\n\t\t\t\t\t<div class=\"e-con-inner\">\n\t\t\t\t<div class=\"elementor-element elementor-element-f27e6da elementor-widget__width-initial split-img elementor-widget elementor-widget-image\" data-id=\"f27e6da\" data-element_type=\"widget\" data-widget_type=\"image.default\">\n\t\t\t\t<div class=\"elementor-widget-container\">\n\t\t\t\t\t\t\t\t\t\t\t\t\t\t\t<img fetchpriority=\"high\" decoding=\"async\" width=\"300\" height=\"200\" src=\"https:\/\/www.lepregaloffre.com\/wp-content\/uploads\/2022\/10\/transparent.png\" class=\"attachment-full size-full wp-image-338\" alt=\"\" srcset=\"https:\/\/www.lepregaloffre.com\/wp-content\/uploads\/2022\/10\/transparent.png 300w, https:\/\/www.lepregaloffre.com\/wp-content\/uploads\/2022\/10\/transparent-18x12.png 18w\" sizes=\"(max-width: 300px) 100vw, 300px\" title=\"\">\t\t\t\t\t\t\t\t\t\t\t\t\t\t\t<\/div>\n\t\t\t\t<\/div>\n\t\t<div class=\"elementor-element elementor-element-ed2e3c0 animated-slow e-con-full e-flex elementor-invisible e-con e-child\" data-id=\"ed2e3c0\" data-element_type=\"container\" data-settings=\"{&quot;animation&quot;:&quot;fadeInLeft&quot;,&quot;animation_delay&quot;:500}\">\n\t\t\t\t<div class=\"elementor-element elementor-element-b73c215 elementor-widget elementor-widget-heading\" data-id=\"b73c215\" data-element_type=\"widget\" data-widget_type=\"heading.default\">\n\t\t\t\t<div class=\"elementor-widget-container\">\n\t\t\t\t\t<h2 class=\"elementor-heading-title elementor-size-default\">Swimming pool &amp; sun lounger<\/h2>\t\t\t\t<\/div>\n\t\t\t\t<\/div>\n\t\t\t\t<div class=\"elementor-element elementor-element-77708e5 elementor-widget elementor-widget-text-editor\" data-id=\"77708e5\" data-element_type=\"widget\" data-widget_type=\"text-editor.default\">\n\t\t\t\t<div class=\"elementor-widget-container\">\n\t\t\t\t\t\t\t\t\t<p>Treat yourself to moments of freshness and relaxation by the pool in the heart of our Mediterranean garden. Our large swimming pool opens its doors to you on sunny days in the calm and privacy of our dedicated area. A garden where you can also enjoy breakfast, sip a cocktail or a glass of wine and enjoy the gentle lifestyle of N\u00eemes.<\/p>\t\t\t\t\t\t\t\t<\/div>\n\t\t\t\t<\/div>\n\t\t\t\t<\/div>\n\t\t\t\t\t<\/div>\n\t\t\t\t<\/div>\n\t\t<div class=\"elementor-element elementor-element-59393a5 e-con-full e-flex e-con e-parent\" data-id=\"59393a5\" data-element_type=\"container\" data-settings=\"{&quot;background_background&quot;:&quot;slideshow&quot;,&quot;background_slideshow_gallery&quot;:[{&quot;id&quot;:3667,&quot;url&quot;:&quot;https:\\\/\\\/www.lepregaloffre.com\\\/wp-content\\\/uploads\\\/2025\\\/12\\\/golf-18-trous-nimes-scaled.jpg&quot;},{&quot;id&quot;:3656,&quot;url&quot;:&quot;https:\\\/\\\/www.lepregaloffre.com\\\/wp-content\\\/uploads\\\/2025\\\/12\\\/tennis-nimes-pre-galoffre-scaled.jpg&quot;},{&quot;id&quot;:3668,&quot;url&quot;:&quot;https:\\\/\\\/www.lepregaloffre.com\\\/wp-content\\\/uploads\\\/2025\\\/12\\\/balade-cheval-activites-nimes-scaled.jpg&quot;}],&quot;background_slideshow_loop&quot;:&quot;yes&quot;,&quot;background_slideshow_slide_duration&quot;:5000,&quot;background_slideshow_slide_transition&quot;:&quot;fade&quot;,&quot;background_slideshow_transition_duration&quot;:500}\">\n\t\t\t\t<div class=\"elementor-element elementor-element-61074c4 elementor-widget elementor-widget-heading\" data-id=\"61074c4\" data-element_type=\"widget\" data-widget_type=\"heading.default\">\n\t\t\t\t<div class=\"elementor-widget-container\">\n\t\t\t\t\t<h2 class=\"elementor-heading-title elementor-size-default\">Activities in N\u00eemes<br \/>and nearby<\/h2>\t\t\t\t<\/div>\n\t\t\t\t<\/div>\n\t\t\t\t<div class=\"elementor-element elementor-element-d27a515 elementor-widget__width-initial elementor-widget elementor-widget-text-editor\" data-id=\"d27a515\" data-element_type=\"widget\" data-widget_type=\"text-editor.default\">\n\t\t\t\t<div class=\"elementor-widget-container\">\n\t\t\t\t\t\t\t\t\t<p>Make the most of your stay at Le Pr\u00e9 Galoffre to enjoy a wide range of activities close to N\u00eemes. Tennis, horse-riding, golf - including the 18-hole course at the Golf Club de N\u00eemes Campagne - hiking or cycling, there's a whole host of experiences on offer, in the heart of unspoilt countryside.<\/p>\t\t\t\t\t\t\t\t<\/div>\n\t\t\t\t<\/div>\n\t\t\t\t<div class=\"elementor-element elementor-element-ff791e9 elementor-align-right elementor-mobile-align-left elementor-tablet-align-center elementor-hidden-desktop elementor-hidden-tablet elementor-hidden-mobile elementor-widget elementor-widget-button\" data-id=\"ff791e9\" data-element_type=\"widget\" data-widget_type=\"button.default\">\n\t\t\t\t<div class=\"elementor-widget-container\">\n\t\t\t\t\t\t\t\t\t<div class=\"elementor-button-wrapper\">\n\t\t\t\t\t<a class=\"elementor-button elementor-button-link elementor-size-sm\" href=\"#\">\n\t\t\t\t\t\t<span class=\"elementor-button-content-wrapper\">\n\t\t\t\t\t\t\t\t\t<span class=\"elementor-button-text\">Our menu<\/span>\n\t\t\t\t\t<\/span>\n\t\t\t\t\t<\/a>\n\t\t\t\t<\/div>\n\t\t\t\t\t\t\t\t<\/div>\n\t\t\t\t<\/div>\n\t\t\t\t<\/div>\n\t\t<div class=\"elementor-element elementor-element-b318be4 e-flex e-con-boxed e-con e-parent\" data-id=\"b318be4\" data-element_type=\"container\" data-settings=\"{&quot;background_background&quot;:&quot;classic&quot;}\">\n\t\t\t\t\t<div class=\"e-con-inner\">\n\t\t<div class=\"elementor-element elementor-element-d98f27a animated-slow e-con-full e-flex elementor-invisible e-con e-child\" data-id=\"d98f27a\" data-element_type=\"container\" data-settings=\"{&quot;animation&quot;:&quot;fadeInLeft&quot;,&quot;animation_delay&quot;:500}\">\n\t\t\t\t<div class=\"elementor-element elementor-element-16bab6f elementor-widget elementor-widget-heading\" data-id=\"16bab6f\" data-element_type=\"widget\" data-widget_type=\"heading.default\">\n\t\t\t\t<div class=\"elementor-widget-container\">\n\t\t\t\t\t<h2 class=\"elementor-heading-title elementor-size-default\">N\u00eemes and surrounding area<\/h2>\t\t\t\t<\/div>\n\t\t\t\t<\/div>\n\t\t\t\t<div class=\"elementor-element elementor-element-0cf6d58 elementor-widget elementor-widget-text-editor\" data-id=\"0cf6d58\" data-element_type=\"widget\" data-widget_type=\"text-editor.default\">\n\t\t\t\t<div class=\"elementor-widget-container\">\n\t\t\t\t\t\t\t\t\t<p>After relaxing by the pool, discover the Gard region and its way of life. Of course, there's Roman N\u00eemes and its two-thousand-year-old amphitheatre, the Maison Carr\u00e9e listed as a UNESCO World Heritage Site, the Pont du Gard site, the Camargue and its magical landscapes, the C\u00e9vennes and its multi-coloured forests, Uz\u00e8s, Aigues-Mortes, Port Camargue... discover all the diversity and beauty of our region.<\/p>\t\t\t\t\t\t\t\t<\/div>\n\t\t\t\t<\/div>\n\t\t\t\t<\/div>\n\t\t<div class=\"elementor-element elementor-element-a3039b7 e-con-full e-flex e-con e-child\" data-id=\"a3039b7\" data-element_type=\"container\" data-settings=\"{&quot;background_background&quot;:&quot;classic&quot;}\">\n\t\t\t\t<div class=\"elementor-element elementor-element-8ccedf5 elementor-widget__width-initial elementor-widget elementor-widget-image\" data-id=\"8ccedf5\" data-element_type=\"widget\" data-widget_type=\"image.default\">\n\t\t\t\t<div class=\"elementor-widget-container\">\n\t\t\t\t\t\t\t\t\t\t\t\t\t\t\t<img decoding=\"async\" width=\"2560\" height=\"1736\" src=\"https:\/\/www.lepregaloffre.com\/wp-content\/uploads\/2025\/12\/nimes-maison-carree-scaled.jpeg\" class=\"attachment-full size-full wp-image-3564\" alt=\"\" srcset=\"https:\/\/www.lepregaloffre.com\/wp-content\/uploads\/2025\/12\/nimes-maison-carree-scaled.jpeg 2560w, https:\/\/www.lepregaloffre.com\/wp-content\/uploads\/2025\/12\/nimes-maison-carree-300x203.jpeg 300w, https:\/\/www.lepregaloffre.com\/wp-content\/uploads\/2025\/12\/nimes-maison-carree-1024x694.jpeg 1024w, https:\/\/www.lepregaloffre.com\/wp-content\/uploads\/2025\/12\/nimes-maison-carree-768x521.jpeg 768w, https:\/\/www.lepregaloffre.com\/wp-content\/uploads\/2025\/12\/nimes-maison-carree-1536x1042.jpeg 1536w, https:\/\/www.lepregaloffre.com\/wp-content\/uploads\/2025\/12\/nimes-maison-carree-2048x1389.jpeg 2048w, https:\/\/www.lepregaloffre.com\/wp-content\/uploads\/2025\/12\/nimes-maison-carree-18x12.jpeg 18w\" sizes=\"(max-width: 2560px) 100vw, 2560px\" title=\"\">\t\t\t\t\t\t\t\t\t\t\t\t\t\t\t<\/div>\n\t\t\t\t<\/div>\n\t\t<div class=\"elementor-element elementor-element-6c7a132 elementor-hidden-mobile e-con-full e-flex e-con e-child\" data-id=\"6c7a132\" data-element_type=\"container\">\n\t\t\t\t<div class=\"elementor-element elementor-element-babcf8b elementor-widget elementor-widget-image\" data-id=\"babcf8b\" data-element_type=\"widget\" data-widget_type=\"image.default\">\n\t\t\t\t<div class=\"elementor-widget-container\">\n\t\t\t\t\t\t\t\t\t\t\t\t\t\t\t<img decoding=\"async\" width=\"2121\" height=\"1414\" src=\"https:\/\/www.lepregaloffre.com\/wp-content\/uploads\/2025\/12\/cevennes-gard.jpg\" class=\"attachment-full size-full wp-image-3577\" alt=\"\" srcset=\"https:\/\/www.lepregaloffre.com\/wp-content\/uploads\/2025\/12\/cevennes-gard.jpg 2121w, https:\/\/www.lepregaloffre.com\/wp-content\/uploads\/2025\/12\/cevennes-gard-300x200.jpg 300w, https:\/\/www.lepregaloffre.com\/wp-content\/uploads\/2025\/12\/cevennes-gard-1024x683.jpg 1024w, https:\/\/www.lepregaloffre.com\/wp-content\/uploads\/2025\/12\/cevennes-gard-768x512.jpg 768w, https:\/\/www.lepregaloffre.com\/wp-content\/uploads\/2025\/12\/cevennes-gard-1536x1024.jpg 1536w, https:\/\/www.lepregaloffre.com\/wp-content\/uploads\/2025\/12\/cevennes-gard-2048x1365.jpg 2048w, https:\/\/www.lepregaloffre.com\/wp-content\/uploads\/2025\/12\/cevennes-gard-18x12.jpg 18w\" sizes=\"(max-width: 2121px) 100vw, 2121px\" title=\"\">\t\t\t\t\t\t\t\t\t\t\t\t\t\t\t<\/div>\n\t\t\t\t<\/div>\n\t\t\t\t<div class=\"elementor-element elementor-element-fc58fa5 elementor-widget elementor-widget-image\" data-id=\"fc58fa5\" data-element_type=\"widget\" data-widget_type=\"image.default\">\n\t\t\t\t<div class=\"elementor-widget-container\">\n\t\t\t\t\t\t\t\t\t\t\t\t\t\t\t<img loading=\"lazy\" decoding=\"async\" width=\"2121\" height=\"1413\" src=\"https:\/\/www.lepregaloffre.com\/wp-content\/uploads\/2025\/12\/aigues-mortes.jpg\" class=\"attachment-full size-full wp-image-3657\" alt=\"\" srcset=\"https:\/\/www.lepregaloffre.com\/wp-content\/uploads\/2025\/12\/aigues-mortes.jpg 2121w, https:\/\/www.lepregaloffre.com\/wp-content\/uploads\/2025\/12\/aigues-mortes-300x200.jpg 300w, https:\/\/www.lepregaloffre.com\/wp-content\/uploads\/2025\/12\/aigues-mortes-1024x682.jpg 1024w, https:\/\/www.lepregaloffre.com\/wp-content\/uploads\/2025\/12\/aigues-mortes-768x512.jpg 768w, https:\/\/www.lepregaloffre.com\/wp-content\/uploads\/2025\/12\/aigues-mortes-1536x1023.jpg 1536w, https:\/\/www.lepregaloffre.com\/wp-content\/uploads\/2025\/12\/aigues-mortes-2048x1364.jpg 2048w, https:\/\/www.lepregaloffre.com\/wp-content\/uploads\/2025\/12\/aigues-mortes-18x12.jpg 18w\" sizes=\"(max-width: 2121px) 100vw, 2121px\" title=\"\">\t\t\t\t\t\t\t\t\t\t\t\t\t\t\t<\/div>\n\t\t\t\t<\/div>\n\t\t\t\t<\/div>\n\t\t\t\t<\/div>\n\t\t\t\t\t<\/div>\n\t\t\t\t<\/div>\n\t\t<div class=\"elementor-element elementor-element-092de4f e-con-full e-flex e-con e-parent\" data-id=\"092de4f\" data-element_type=\"container\">\n\t\t<div class=\"elementor-element elementor-element-b369aa2 e-con-full e-flex e-con e-child\" data-id=\"b369aa2\" data-element_type=\"container\" data-settings=\"{&quot;background_background&quot;:&quot;classic&quot;}\">\n\t\t\t\t<div class=\"elementor-element elementor-element-a04e2a3 elementor--h-position-left elementor--v-position-bottom elementor-widget elementor-widget-slides\" data-id=\"a04e2a3\" data-element_type=\"widget\" data-settings=\"{&quot;navigation&quot;:&quot;none&quot;,&quot;autoplay&quot;:&quot;yes&quot;,&quot;pause_on_hover&quot;:&quot;yes&quot;,&quot;pause_on_interaction&quot;:&quot;yes&quot;,&quot;autoplay_speed&quot;:5000,&quot;infinite&quot;:&quot;yes&quot;,&quot;transition&quot;:&quot;slide&quot;,&quot;transition_speed&quot;:500}\" data-widget_type=\"slides.default\">\n\t\t\t\t<div class=\"elementor-widget-container\">\n\t\t\t\t\t\t\t\t\t<div class=\"elementor-swiper\">\n\t\t\t\t\t<div class=\"elementor-slides-wrapper elementor-main-swiper swiper\" role=\"region\" aria-roledescription=\"carousel\" aria-label=\"Slides\" dir=\"ltr\" data-animation=\"fadeInUp\">\n\t\t\t\t<div class=\"swiper-wrapper elementor-slides\">\n\t\t\t\t\t\t\t\t\t\t<div class=\"elementor-repeater-item-3ab0fe5 swiper-slide\" role=\"group\" aria-roledescription=\"slide\"><div class=\"swiper-slide-bg\"><\/div><a class=\"swiper-slide-inner\" href=\"https:\/\/www.lepregaloffre.com\/en\/rooms\/\"><div class=\"swiper-slide-contents\"><div class=\"elementor-slide-heading\">Rooms<\/div><\/div><\/a><\/div>\t\t\t\t<\/div>\n\t\t\t\t\t\t\t<\/div>\n\t\t\t\t<\/div>\n\t\t\t\t\t\t\t\t<\/div>\n\t\t\t\t<\/div>\n\t\t\t\t<\/div>\n\t\t<div class=\"elementor-element elementor-element-0c247c3 e-con-full e-flex e-con e-child\" data-id=\"0c247c3\" data-element_type=\"container\" data-settings=\"{&quot;background_background&quot;:&quot;classic&quot;}\">\n\t\t\t\t<div class=\"elementor-element elementor-element-cc8a4cc elementor--h-position-left elementor--v-position-bottom elementor-widget elementor-widget-slides\" data-id=\"cc8a4cc\" data-element_type=\"widget\" data-settings=\"{&quot;navigation&quot;:&quot;none&quot;,&quot;autoplay&quot;:&quot;yes&quot;,&quot;pause_on_hover&quot;:&quot;yes&quot;,&quot;pause_on_interaction&quot;:&quot;yes&quot;,&quot;autoplay_speed&quot;:5000,&quot;infinite&quot;:&quot;yes&quot;,&quot;transition&quot;:&quot;slide&quot;,&quot;transition_speed&quot;:500}\" data-widget_type=\"slides.default\">\n\t\t\t\t<div class=\"elementor-widget-container\">\n\t\t\t\t\t\t\t\t\t<div class=\"elementor-swiper\">\n\t\t\t\t\t<div class=\"elementor-slides-wrapper elementor-main-swiper swiper\" role=\"region\" aria-roledescription=\"carousel\" aria-label=\"Slides\" dir=\"ltr\" data-animation=\"fadeInUp\">\n\t\t\t\t<div class=\"swiper-wrapper elementor-slides\">\n\t\t\t\t\t\t\t\t\t\t<div class=\"elementor-repeater-item-3ab0fe5 swiper-slide\" role=\"group\" aria-roledescription=\"slide\"><div class=\"swiper-slide-bg\"><\/div><a class=\"swiper-slide-inner\" href=\"https:\/\/www.lepregaloffre.com\/en\/tourism\/\"><div class=\"swiper-slide-contents\"><div class=\"elementor-slide-heading\">Tourism<\/div><\/div><\/a><\/div>\t\t\t\t<\/div>\n\t\t\t\t\t\t\t<\/div>\n\t\t\t\t<\/div>\n\t\t\t\t\t\t\t\t<\/div>\n\t\t\t\t<\/div>\n\t\t\t\t<\/div>\n\t\t<div class=\"elementor-element elementor-element-8e93c69 e-con-full e-flex e-con e-child\" data-id=\"8e93c69\" data-element_type=\"container\" data-settings=\"{&quot;background_background&quot;:&quot;classic&quot;}\">\n\t\t\t\t<div class=\"elementor-element elementor-element-b6d295e elementor--h-position-left elementor--v-position-bottom elementor-widget elementor-widget-slides\" data-id=\"b6d295e\" data-element_type=\"widget\" data-settings=\"{&quot;navigation&quot;:&quot;none&quot;,&quot;autoplay&quot;:&quot;yes&quot;,&quot;pause_on_hover&quot;:&quot;yes&quot;,&quot;pause_on_interaction&quot;:&quot;yes&quot;,&quot;autoplay_speed&quot;:5000,&quot;infinite&quot;:&quot;yes&quot;,&quot;transition&quot;:&quot;slide&quot;,&quot;transition_speed&quot;:500}\" data-widget_type=\"slides.default\">\n\t\t\t\t<div class=\"elementor-widget-container\">\n\t\t\t\t\t\t\t\t\t<div class=\"elementor-swiper\">\n\t\t\t\t\t<div class=\"elementor-slides-wrapper elementor-main-swiper swiper\" role=\"region\" aria-roledescription=\"carousel\" aria-label=\"Slides\" dir=\"ltr\" data-animation=\"fadeInUp\">\n\t\t\t\t<div class=\"swiper-wrapper elementor-slides\">\n\t\t\t\t\t\t\t\t\t\t<div class=\"elementor-repeater-item-3ab0fe5 swiper-slide\" role=\"group\" aria-roledescription=\"slide\"><div class=\"swiper-slide-bg\"><\/div><a class=\"swiper-slide-inner\" href=\"https:\/\/www.lepregaloffre.com\/en\/access-contact\/\"><div class=\"swiper-slide-contents\"><div class=\"elementor-slide-heading\">Access &amp; contact<\/div><\/div><\/a><\/div>\t\t\t\t<\/div>\n\t\t\t\t\t\t\t<\/div>\n\t\t\t\t<\/div>\n\t\t\t\t\t\t\t\t<\/div>\n\t\t\t\t<\/div>\n\t\t\t\t<\/div>\n\t\t\t\t<\/div>\n\t\t\t\t<\/div>","protected":false},"excerpt":{"rendered":"<p>Relaxation &amp; Leisure Leisure &amp; activities in N\u00eemes Swimming pool &amp; sun lounger Treat yourself to moments of coolness and relaxation by the pool in the heart of our Mediterranean garden. On sunny days, our large swimming pool opens its doors to you in the calm and privacy of our dedicated area. A garden where you can also enjoy your breakfast, [...]<\/p>","protected":false},"author":11,"featured_media":0,"parent":0,"menu_order":0,"comment_status":"closed","ping_status":"closed","template":"","meta":{"_acf_changed":false,"inline_featured_image":false,"footnotes":""},"class_list":["post-201","page","type-page","status-publish","hentry"],"acf":[],"_links":{"self":[{"href":"https:\/\/www.lepregaloffre.com\/en\/wp-json\/wp\/v2\/pages\/201","targetHints":{"allow":["GET"]}}],"collection":[{"href":"https:\/\/www.lepregaloffre.com\/en\/wp-json\/wp\/v2\/pages"}],"about":[{"href":"https:\/\/www.lepregaloffre.com\/en\/wp-json\/wp\/v2\/types\/page"}],"author":[{"embeddable":true,"href":"https:\/\/www.lepregaloffre.com\/en\/wp-json\/wp\/v2\/users\/11"}],"replies":[{"embeddable":true,"href":"https:\/\/www.lepregaloffre.com\/en\/wp-json\/wp\/v2\/comments?post=201"}],"version-history":[{"count":266,"href":"https:\/\/www.lepregaloffre.com\/en\/wp-json\/wp\/v2\/pages\/201\/revisions"}],"predecessor-version":[{"id":4165,"href":"https:\/\/www.lepregaloffre.com\/en\/wp-json\/wp\/v2\/pages\/201\/revisions\/4165"}],"wp:attachment":[{"href":"https:\/\/www.lepregaloffre.com\/en\/wp-json\/wp\/v2\/media?parent=201"}],"curies":[{"name":"wp","href":"https:\/\/api.w.org\/{rel}","templated":true}]}}