{"id":203,"date":"2022-10-26T08:57:29","date_gmt":"2022-10-26T06:57:29","guid":{"rendered":"https:\/\/www.lepregaloffre.com\/?page_id=203"},"modified":"2026-01-26T11:48:08","modified_gmt":"2026-01-26T10:48:08","slug":"tourism","status":"publish","type":"page","link":"https:\/\/www.lepregaloffre.com\/en\/tourism\/","title":{"rendered":"Tourism"},"content":{"rendered":"<div data-elementor-type=\"wp-page\" data-elementor-id=\"203\" class=\"elementor elementor-203\" data-elementor-post-type=\"page\">\n\t\t\t\t<div class=\"elementor-element elementor-element-29fd7c3 e-con-full e-flex e-con e-parent\" data-id=\"29fd7c3\" data-element_type=\"container\" id=\"hero-section\" data-settings=\"{&quot;background_background&quot;:&quot;classic&quot;}\">\n\t\t\t\t<div class=\"elementor-element elementor-element-d43a14e elementor-widget elementor-widget-heading\" data-id=\"d43a14e\" data-element_type=\"widget\" data-widget_type=\"heading.default\">\n\t\t\t\t<div class=\"elementor-widget-container\">\n\t\t\t\t\t<h1 class=\"elementor-heading-title elementor-size-default\">What to do around N\u00eemes<\/h1>\t\t\t\t<\/div>\n\t\t\t\t<\/div>\n\t\t\t\t<div class=\"elementor-element elementor-element-4fa3bd8 elementor-widget__width-auto elementor-absolute e-transform elementor-view-default elementor-widget elementor-widget-icon\" data-id=\"4fa3bd8\" data-element_type=\"widget\" data-settings=\"{&quot;_position&quot;:&quot;absolute&quot;,&quot;_transform_rotateZ_effect&quot;:{&quot;unit&quot;:&quot;px&quot;,&quot;size&quot;:90,&quot;sizes&quot;:[]},&quot;_transform_rotateZ_effect_tablet&quot;:{&quot;unit&quot;:&quot;deg&quot;,&quot;size&quot;:&quot;&quot;,&quot;sizes&quot;:[]},&quot;_transform_rotateZ_effect_mobile&quot;:{&quot;unit&quot;:&quot;deg&quot;,&quot;size&quot;:&quot;&quot;,&quot;sizes&quot;:[]}}\" data-widget_type=\"icon.default\">\n\t\t\t\t<div class=\"elementor-widget-container\">\n\t\t\t\t\t\t\t<div class=\"elementor-icon-wrapper\">\n\t\t\t<a class=\"elementor-icon\" href=\"#first-content\">\n\t\t\t<i aria-hidden=\"true\" class=\"eliofont eliofont-arrow-right\"><\/i>\t\t\t<\/a>\n\t\t<\/div>\n\t\t\t\t\t\t<\/div>\n\t\t\t\t<\/div>\n\t\t\t\t<\/div>\n\t\t<div class=\"elementor-element elementor-element-0289a0c e-flex e-con-boxed e-con e-parent\" data-id=\"0289a0c\" data-element_type=\"container\" id=\"first-content\" data-settings=\"{&quot;background_background&quot;:&quot;classic&quot;,&quot;background_motion_fx_motion_fx_scrolling&quot;:&quot;yes&quot;,&quot;background_motion_fx_translateY_effect&quot;:&quot;yes&quot;,&quot;background_motion_fx_translateY_speed&quot;:{&quot;unit&quot;:&quot;px&quot;,&quot;size&quot;:10,&quot;sizes&quot;:[]},&quot;background_motion_fx_translateY_affectedRange&quot;:{&quot;unit&quot;:&quot;%&quot;,&quot;size&quot;:&quot;&quot;,&quot;sizes&quot;:{&quot;start&quot;:0,&quot;end&quot;:100}},&quot;background_motion_fx_devices&quot;:[&quot;desktop&quot;,&quot;tablet&quot;,&quot;mobile&quot;]}\">\n\t\t\t\t\t<div class=\"e-con-inner\">\n\t\t<div class=\"elementor-element elementor-element-1a4aaff e-con-full e-flex e-con e-child\" data-id=\"1a4aaff\" data-element_type=\"container\">\n\t\t\t\t<div class=\"elementor-element elementor-element-6cc0ff7 elementor-widget-tablet__width-auto elementor-widget__width-initial elementor-widget elementor-widget-heading\" data-id=\"6cc0ff7\" data-element_type=\"widget\" data-widget_type=\"heading.default\">\n\t\t\t\t<div class=\"elementor-widget-container\">\n\t\t\t\t\t<h2 class=\"elementor-heading-title elementor-size-default\">N\u00eemes, the Gard region and Provence<\/h2>\t\t\t\t<\/div>\n\t\t\t\t<\/div>\n\t\t\t\t<div class=\"elementor-element elementor-element-397c1c2 elementor-widget__width-initial elementor-widget elementor-widget-text-editor\" data-id=\"397c1c2\" data-element_type=\"widget\" data-widget_type=\"text-editor.default\">\n\t\t\t\t<div class=\"elementor-widget-container\">\n\t\t\t\t\t\t\t\t\t<p>From Pr\u00e9 Galoffre, set off to explore the ancient Roman colony built over 2,000 years ago around Nemausus, the deified spring.<br \/>Take advantage of your getaway to discover the Gard region, its customs, traditions and history.<br \/><br \/><\/p>\t\t\t\t\t\t\t\t<\/div>\n\t\t\t\t<\/div>\n\t\t\t\t<div class=\"elementor-element elementor-element-f0d05b7 elementor-widget__width-initial elementor-widget elementor-widget-text-editor\" data-id=\"f0d05b7\" data-element_type=\"widget\" data-widget_type=\"text-editor.default\">\n\t\t\t\t<div class=\"elementor-widget-container\">\n\t\t\t\t\t\t\t\t\t<p>Marvel at the magnificent panoramas offered by the region between the wild Camargue and the C\u00e9vennes.<\/p>\t\t\t\t\t\t\t\t<\/div>\n\t\t\t\t<\/div>\n\t\t\t\t<\/div>\n\t\t\t\t\t<\/div>\n\t\t\t\t<\/div>\n\t\t<div class=\"elementor-element elementor-element-968c4e5 e-flex e-con-boxed e-con e-parent\" data-id=\"968c4e5\" data-element_type=\"container\">\n\t\t\t\t\t<div class=\"e-con-inner\">\n\t\t\t\t<div class=\"elementor-element elementor-element-ed86c70 elementor-widget elementor-widget-heading\" data-id=\"ed86c70\" data-element_type=\"widget\" data-widget_type=\"heading.default\">\n\t\t\t\t<div class=\"elementor-widget-container\">\n\t\t\t\t\t<h2 class=\"elementor-heading-title elementor-size-default\">More activities<\/h2>\t\t\t\t<\/div>\n\t\t\t\t<\/div>\n\t\t<div class=\"elementor-element elementor-element-ff5a2fd e-con-full e-flex e-con e-child\" data-id=\"ff5a2fd\" data-element_type=\"container\">\n\t\t<div class=\"elementor-element elementor-element-72c3df2 e-con-full e-flex e-con e-child\" data-id=\"72c3df2\" data-element_type=\"container\">\n\t\t\t\t<div class=\"elementor-element elementor-element-084a5ab elementor-cta--skin-cover elementor-cta--valign-middle elementor-widget__width-inherit elementor-widget elementor-widget-call-to-action\" data-id=\"084a5ab\" data-element_type=\"widget\" data-widget_type=\"call-to-action.default\">\n\t\t\t\t<div class=\"elementor-widget-container\">\n\t\t\t\t\t\t\t<div class=\"elementor-cta\">\n\t\t\t\t\t<div class=\"elementor-cta__bg-wrapper\">\n\t\t\t\t<div class=\"elementor-cta__bg elementor-bg\" style=\"background-image: url(https:\/\/www.lepregaloffre.com\/wp-content\/uploads\/2025\/12\/ville-de-nimes-scaled.jpeg);\" role=\"img\" aria-label=\"city of N\u00eemes\"><\/div>\n\t\t\t\t<div class=\"elementor-cta__bg-overlay\"><\/div>\n\t\t\t<\/div>\n\t\t\t\t\t\t\t<div class=\"elementor-cta__content\">\n\t\t\t\t\n\t\t\t\t\n\t\t\t\t\n\t\t\t\t\t\t\t\t\t<div class=\"elementor-cta__button-wrapper elementor-cta__content-item elementor-content-item\">\n\t\t\t\t\t<a class=\"elementor-cta__button elementor-button elementor-size-md\" href=\"https:\/\/www.lepregaloffre.com\/en\/tourism\/what-to-do-in-nimes\/\">\n\t\t\t\t\t\tDiscover\t\t\t\t\t<\/a>\n\t\t\t\t\t<\/div>\n\t\t\t\t\t\t\t<\/div>\n\t\t\t\t\t\t<\/div>\n\t\t\t\t\t\t<\/div>\n\t\t\t\t<\/div>\n\t\t\t\t<div class=\"elementor-element elementor-element-edcf0ff elementor-widget__width-initial elementor-widget elementor-widget-heading\" data-id=\"edcf0ff\" data-element_type=\"widget\" data-widget_type=\"heading.default\">\n\t\t\t\t<div class=\"elementor-widget-container\">\n\t\t\t\t\t<h3 class=\"elementor-heading-title elementor-size-default\">N\u00eemes<\/h3>\t\t\t\t<\/div>\n\t\t\t\t<\/div>\n\t\t\t\t<div class=\"elementor-element elementor-element-78c7ab1 elementor-widget__width-initial elementor-widget elementor-widget-text-editor\" data-id=\"78c7ab1\" data-element_type=\"widget\" data-widget_type=\"text-editor.default\">\n\t\t\t\t<div class=\"elementor-widget-container\">\n\t\t\t\t\t\t\t\t\t<p>N\u00eemes reveals an exceptional Roman heritage, where the Arena, Maison Carr\u00e9e and Jardins de la Fontaine recount more than 2,000 years of history in the heart of a festive and sunny city.<\/p>\t\t\t\t\t\t\t\t<\/div>\n\t\t\t\t<\/div>\n\t\t\t\t<\/div>\n\t\t<div class=\"elementor-element elementor-element-4b680d5 e-con-full e-flex e-con e-child\" data-id=\"4b680d5\" data-element_type=\"container\">\n\t\t\t\t<div class=\"elementor-element elementor-element-b504306 elementor-cta--skin-cover elementor-cta--valign-middle elementor-widget__width-inherit elementor-widget elementor-widget-call-to-action\" data-id=\"b504306\" data-element_type=\"widget\" data-widget_type=\"call-to-action.default\">\n\t\t\t\t<div class=\"elementor-widget-container\">\n\t\t\t\t\t\t\t<div class=\"elementor-cta\">\n\t\t\t\t\t<div class=\"elementor-cta__bg-wrapper\">\n\t\t\t\t<div class=\"elementor-cta__bg elementor-bg\" style=\"background-image: url(https:\/\/www.lepregaloffre.com\/wp-content\/uploads\/2025\/12\/pont-du-gard-scaled.jpeg);\" role=\"img\" aria-label=\"The Pont du Gard crossing the Gardon River\"><\/div>\n\t\t\t\t<div class=\"elementor-cta__bg-overlay\"><\/div>\n\t\t\t<\/div>\n\t\t\t\t\t\t\t<div class=\"elementor-cta__content\">\n\t\t\t\t\n\t\t\t\t\n\t\t\t\t\n\t\t\t\t\t\t\t\t\t<div class=\"elementor-cta__button-wrapper elementor-cta__content-item elementor-content-item\">\n\t\t\t\t\t<a class=\"elementor-cta__button elementor-button elementor-size-md\" href=\"https:\/\/www.lepregaloffre.com\/en\/tourism\/what-to-do-at-the-pont-du-gard\/\">\n\t\t\t\t\t\tDiscover\t\t\t\t\t<\/a>\n\t\t\t\t\t<\/div>\n\t\t\t\t\t\t\t<\/div>\n\t\t\t\t\t\t<\/div>\n\t\t\t\t\t\t<\/div>\n\t\t\t\t<\/div>\n\t\t\t\t<div class=\"elementor-element elementor-element-04b43ff elementor-widget__width-initial elementor-widget elementor-widget-heading\" data-id=\"04b43ff\" data-element_type=\"widget\" data-widget_type=\"heading.default\">\n\t\t\t\t<div class=\"elementor-widget-container\">\n\t\t\t\t\t<h3 class=\"elementor-heading-title elementor-size-default\">Uz\u00e8s &amp; the Pont du Gard<\/h3>\t\t\t\t<\/div>\n\t\t\t\t<\/div>\n\t\t\t\t<div class=\"elementor-element elementor-element-9a6e8c5 elementor-widget__width-initial elementor-widget elementor-widget-text-editor\" data-id=\"9a6e8c5\" data-element_type=\"widget\" data-widget_type=\"text-editor.default\">\n\t\t\t\t<div class=\"elementor-widget-container\">\n\t\t\t\t\t\t\t\t\t<p>Between Uz\u00e8s, with its Proven\u00e7al charm, and the majestic Pont du Gard, a UNESCO World Heritage Site, discover two iconic locations where heritage, nature and the good life come together.<\/p>\t\t\t\t\t\t\t\t<\/div>\n\t\t\t\t<\/div>\n\t\t\t\t<\/div>\n\t\t\t\t<\/div>\n\t\t<div class=\"elementor-element elementor-element-c18a859 e-con-full e-flex e-con e-child\" data-id=\"c18a859\" data-element_type=\"container\">\n\t\t<div class=\"elementor-element elementor-element-d89969a e-con-full e-flex e-con e-child\" data-id=\"d89969a\" data-element_type=\"container\">\n\t\t\t\t<div class=\"elementor-element elementor-element-9ceb3af elementor-cta--skin-cover elementor-cta--valign-middle elementor-widget__width-inherit elementor-widget elementor-widget-call-to-action\" data-id=\"9ceb3af\" data-element_type=\"widget\" data-widget_type=\"call-to-action.default\">\n\t\t\t\t<div class=\"elementor-widget-container\">\n\t\t\t\t\t\t\t<div class=\"elementor-cta\">\n\t\t\t\t\t<div class=\"elementor-cta__bg-wrapper\">\n\t\t\t\t<div class=\"elementor-cta__bg elementor-bg\" style=\"background-image: url(https:\/\/www.lepregaloffre.com\/wp-content\/uploads\/2025\/12\/camargue-scaled.jpeg);\" role=\"img\" aria-label=\"Camargue\"><\/div>\n\t\t\t\t<div class=\"elementor-cta__bg-overlay\"><\/div>\n\t\t\t<\/div>\n\t\t\t\t\t\t\t<div class=\"elementor-cta__content\">\n\t\t\t\t\n\t\t\t\t\n\t\t\t\t\n\t\t\t\t\t\t\t\t\t<div class=\"elementor-cta__button-wrapper elementor-cta__content-item elementor-content-item\">\n\t\t\t\t\t<a class=\"elementor-cta__button elementor-button elementor-size-md\" href=\"https:\/\/www.lepregaloffre.com\/en\/tourism\/what-to-do-in-the-camargue\/\">\n\t\t\t\t\t\tDiscover\t\t\t\t\t<\/a>\n\t\t\t\t\t<\/div>\n\t\t\t\t\t\t\t<\/div>\n\t\t\t\t\t\t<\/div>\n\t\t\t\t\t\t<\/div>\n\t\t\t\t<\/div>\n\t\t\t\t<div class=\"elementor-element elementor-element-101926a elementor-widget__width-initial elementor-widget elementor-widget-heading\" data-id=\"101926a\" data-element_type=\"widget\" data-widget_type=\"heading.default\">\n\t\t\t\t<div class=\"elementor-widget-container\">\n\t\t\t\t\t<h3 class=\"elementor-heading-title elementor-size-default\">The Camargue<\/h3>\t\t\t\t<\/div>\n\t\t\t\t<\/div>\n\t\t\t\t<div class=\"elementor-element elementor-element-b73d407 elementor-widget__width-initial elementor-widget elementor-widget-text-editor\" data-id=\"b73d407\" data-element_type=\"widget\" data-widget_type=\"text-editor.default\">\n\t\t\t\t<div class=\"elementor-widget-container\">\n\t\t\t\t\t\t\t\t\t<p>On the outskirts of N\u00eemes, the Camargue charms visitors with its unspoilt landscapes, its herds of cattle, its living traditions and an immersive experience of the world of the gardians (herdsmen).<\/p>\t\t\t\t\t\t\t\t<\/div>\n\t\t\t\t<\/div>\n\t\t\t\t<\/div>\n\t\t<div class=\"elementor-element elementor-element-db4c48f e-con-full e-flex e-con e-child\" data-id=\"db4c48f\" data-element_type=\"container\">\n\t\t\t\t<div class=\"elementor-element elementor-element-62b7301 elementor-cta--skin-cover elementor-cta--valign-middle elementor-widget__width-inherit elementor-widget elementor-widget-call-to-action\" data-id=\"62b7301\" data-element_type=\"widget\" data-widget_type=\"call-to-action.default\">\n\t\t\t\t<div class=\"elementor-widget-container\">\n\t\t\t\t\t\t\t<div class=\"elementor-cta\">\n\t\t\t\t\t<div class=\"elementor-cta__bg-wrapper\">\n\t\t\t\t<div class=\"elementor-cta__bg elementor-bg\" style=\"background-image: url(https:\/\/www.lepregaloffre.com\/wp-content\/uploads\/2025\/12\/cevennes-gard.jpg);\" role=\"img\" aria-label=\"Grand Site of the Circus of Navacelles in the Gorges La Vis in the C\u00e9vennes, Southern France\"><\/div>\n\t\t\t\t<div class=\"elementor-cta__bg-overlay\"><\/div>\n\t\t\t<\/div>\n\t\t\t\t\t\t\t<div class=\"elementor-cta__content\">\n\t\t\t\t\n\t\t\t\t\n\t\t\t\t\n\t\t\t\t\t\t\t\t\t<div class=\"elementor-cta__button-wrapper elementor-cta__content-item elementor-content-item\">\n\t\t\t\t\t<a class=\"elementor-cta__button elementor-button elementor-size-md\" href=\"https:\/\/www.lepregaloffre.com\/en\/tourism\/what-to-do-in-the-gard\/\">\n\t\t\t\t\t\tDiscover\t\t\t\t\t<\/a>\n\t\t\t\t\t<\/div>\n\t\t\t\t\t\t\t<\/div>\n\t\t\t\t\t\t<\/div>\n\t\t\t\t\t\t<\/div>\n\t\t\t\t<\/div>\n\t\t\t\t<div class=\"elementor-element elementor-element-3616b11 elementor-widget__width-initial elementor-widget elementor-widget-heading\" data-id=\"3616b11\" data-element_type=\"widget\" data-widget_type=\"heading.default\">\n\t\t\t\t<div class=\"elementor-widget-container\">\n\t\t\t\t\t<h3 class=\"elementor-heading-title elementor-size-default\">The Gard<\/h3>\t\t\t\t<\/div>\n\t\t\t\t<\/div>\n\t\t\t\t<div class=\"elementor-element elementor-element-cba2713 elementor-widget__width-initial elementor-widget elementor-widget-text-editor\" data-id=\"cba2713\" data-element_type=\"widget\" data-widget_type=\"text-editor.default\">\n\t\t\t\t<div class=\"elementor-widget-container\">\n\t\t\t\t\t\t\t\t\t<p>The Gard region offers a multitude of family activities, from the Haribo museum to the Seaquarium in Le Grau-du-Roi, for fun and gourmet discoveries accessible from your hotel.<\/p>\t\t\t\t\t\t\t\t<\/div>\n\t\t\t\t<\/div>\n\t\t\t\t<\/div>\n\t\t\t\t<\/div>\n\t\t\t\t\t<\/div>\n\t\t\t\t<\/div>\n\t\t\t\t<\/div>","protected":false},"excerpt":{"rendered":"<p>What to do around N\u00eemes N\u00eemes, the Gard and Provence From the Pr\u00e9 Galoffre, discover the ancient Roman colony built over 2,000 years ago around Nemausus, the deified spring, and the Gard region, with its customs, traditions and history. Marvel at the sumptuous [...]<\/p>","protected":false},"author":11,"featured_media":0,"parent":0,"menu_order":0,"comment_status":"closed","ping_status":"closed","template":"","meta":{"_acf_changed":false,"inline_featured_image":false,"footnotes":""},"class_list":["post-203","page","type-page","status-publish","hentry"],"acf":[],"_links":{"self":[{"href":"https:\/\/www.lepregaloffre.com\/en\/wp-json\/wp\/v2\/pages\/203","targetHints":{"allow":["GET"]}}],"collection":[{"href":"https:\/\/www.lepregaloffre.com\/en\/wp-json\/wp\/v2\/pages"}],"about":[{"href":"https:\/\/www.lepregaloffre.com\/en\/wp-json\/wp\/v2\/types\/page"}],"author":[{"embeddable":true,"href":"https:\/\/www.lepregaloffre.com\/en\/wp-json\/wp\/v2\/users\/11"}],"replies":[{"embeddable":true,"href":"https:\/\/www.lepregaloffre.com\/en\/wp-json\/wp\/v2\/comments?post=203"}],"version-history":[{"count":229,"href":"https:\/\/www.lepregaloffre.com\/en\/wp-json\/wp\/v2\/pages\/203\/revisions"}],"predecessor-version":[{"id":4035,"href":"https:\/\/www.lepregaloffre.com\/en\/wp-json\/wp\/v2\/pages\/203\/revisions\/4035"}],"wp:attachment":[{"href":"https:\/\/www.lepregaloffre.com\/en\/wp-json\/wp\/v2\/media?parent=203"}],"curies":[{"name":"wp","href":"https:\/\/api.w.org\/{rel}","templated":true}]}}