{"id":205,"date":"2022-10-26T08:57:40","date_gmt":"2022-10-26T06:57:40","guid":{"rendered":"https:\/\/www.lepregaloffre.com\/?page_id=205"},"modified":"2026-02-02T17:08:58","modified_gmt":"2026-02-02T16:08:58","slug":"hotel-nimes-active-city","status":"publish","type":"page","link":"https:\/\/www.lepregaloffre.com\/en\/hotel-nimes-active-city\/","title":{"rendered":"Overnight stays"},"content":{"rendered":"<div data-elementor-type=\"wp-page\" data-elementor-id=\"205\" class=\"elementor elementor-205\" data-elementor-post-type=\"page\">\n\t\t\t\t<div class=\"elementor-element elementor-element-617a052 e-con-full e-flex e-con e-parent\" data-id=\"617a052\" data-element_type=\"container\" id=\"hero-section\" data-settings=\"{&quot;background_background&quot;:&quot;classic&quot;}\">\n\t\t\t\t<div class=\"elementor-element elementor-element-e4161d0 elementor-widget elementor-widget-heading\" data-id=\"e4161d0\" data-element_type=\"widget\" data-widget_type=\"heading.default\">\n\t\t\t\t<div class=\"elementor-widget-container\">\n\t\t\t\t\t<h1 class=\"elementor-heading-title elementor-size-default\">at your hotel in N\u00eemes<\/h1>\t\t\t\t<\/div>\n\t\t\t\t<\/div>\n\t\t\t\t<div class=\"elementor-element elementor-element-a3ec7a9 elementor-widget__width-auto elementor-absolute e-transform elementor-view-default elementor-widget elementor-widget-icon\" data-id=\"a3ec7a9\" data-element_type=\"widget\" data-settings=\"{&quot;_position&quot;:&quot;absolute&quot;,&quot;_transform_rotateZ_effect&quot;:{&quot;unit&quot;:&quot;px&quot;,&quot;size&quot;:90,&quot;sizes&quot;:[]},&quot;_transform_rotateZ_effect_tablet&quot;:{&quot;unit&quot;:&quot;deg&quot;,&quot;size&quot;:&quot;&quot;,&quot;sizes&quot;:[]},&quot;_transform_rotateZ_effect_mobile&quot;:{&quot;unit&quot;:&quot;deg&quot;,&quot;size&quot;:&quot;&quot;,&quot;sizes&quot;:[]}}\" data-widget_type=\"icon.default\">\n\t\t\t\t<div class=\"elementor-widget-container\">\n\t\t\t\t\t\t\t<div class=\"elementor-icon-wrapper\">\n\t\t\t<a class=\"elementor-icon\" href=\"#first-content\">\n\t\t\t<i aria-hidden=\"true\" class=\"eliofont eliofont-arrow-right\"><\/i>\t\t\t<\/a>\n\t\t<\/div>\n\t\t\t\t\t\t<\/div>\n\t\t\t\t<\/div>\n\t\t\t\t<\/div>\n\t\t<div class=\"elementor-element elementor-element-2d1ef7d e-flex e-con-boxed e-con e-parent\" data-id=\"2d1ef7d\" data-element_type=\"container\" id=\"first-content\" data-settings=\"{&quot;background_background&quot;:&quot;classic&quot;}\">\n\t\t\t\t\t<div class=\"e-con-inner\">\n\t\t\t\t<div class=\"elementor-element elementor-element-40194b0 elementor-widget__width-initial split-img elementor-widget elementor-widget-image\" data-id=\"40194b0\" data-element_type=\"widget\" data-widget_type=\"image.default\">\n\t\t\t\t<div class=\"elementor-widget-container\">\n\t\t\t\t\t\t\t\t\t\t\t\t\t\t\t<img fetchpriority=\"high\" decoding=\"async\" width=\"300\" height=\"200\" src=\"https:\/\/www.lepregaloffre.com\/wp-content\/uploads\/2022\/10\/transparent.png\" class=\"attachment-full size-full wp-image-338\" alt=\"\" srcset=\"https:\/\/www.lepregaloffre.com\/wp-content\/uploads\/2022\/10\/transparent.png 300w, https:\/\/www.lepregaloffre.com\/wp-content\/uploads\/2022\/10\/transparent-18x12.png 18w\" sizes=\"(max-width: 300px) 100vw, 300px\" title=\"\">\t\t\t\t\t\t\t\t\t\t\t\t\t\t\t<\/div>\n\t\t\t\t<\/div>\n\t\t<div class=\"elementor-element elementor-element-b2d2e7b animated-slow e-con-full e-flex elementor-invisible e-con e-child\" data-id=\"b2d2e7b\" data-element_type=\"container\" data-settings=\"{&quot;animation&quot;:&quot;fadeInLeft&quot;,&quot;animation_delay&quot;:500}\">\n\t\t\t\t<div class=\"elementor-element elementor-element-b398dc8 elementor-widget elementor-widget-heading\" data-id=\"b398dc8\" data-element_type=\"widget\" data-widget_type=\"heading.default\">\n\t\t\t\t<div class=\"elementor-widget-container\">\n\t\t\t\t\t<h2 class=\"elementor-heading-title elementor-size-default\">Your hotel in N\u00eemes, <br>an active and festive city<\/h2>\t\t\t\t<\/div>\n\t\t\t\t<\/div>\n\t\t\t\t<div class=\"elementor-element elementor-element-c821299 elementor-widget elementor-widget-text-editor\" data-id=\"c821299\" data-element_type=\"widget\" data-widget_type=\"text-editor.default\">\n\t\t\t\t<div class=\"elementor-widget-container\">\n\t\t\t\t\t\t\t\t\t<p>Nestling in the heart of the N\u00eemes garrigue, Le Pr\u00e9 Galoffre offers business travellers a serene stopover. In the discreet charm of our country house, each evening combines comfort and authenticity: a tasty dinner prepared with care, followed by a peaceful night in warm surroundings. More than just a stopover, it's a rejuvenating interlude that allows you to get back on the road with energy and lightness, buoyed by the sincere elegance of our hospitality.<\/p>\t\t\t\t\t\t\t\t<\/div>\n\t\t\t\t<\/div>\n\t\t\t\t<div class=\"elementor-element elementor-element-e1c9493 elementor-align-left elementor-tablet-align-center namastay-widget-button elementor-widget elementor-widget-button\" data-id=\"e1c9493\" data-element_type=\"widget\" data-widget_type=\"button.default\">\n\t\t\t\t<div class=\"elementor-widget-container\">\n\t\t\t\t\t\t\t\t\t<div class=\"elementor-button-wrapper\">\n\t\t\t\t\t<a class=\"elementor-button elementor-button-link elementor-size-sm\" href=\"#\">\n\t\t\t\t\t\t<span class=\"elementor-button-content-wrapper\">\n\t\t\t\t\t\t\t\t\t<span class=\"elementor-button-text\">Book<\/span>\n\t\t\t\t\t<\/span>\n\t\t\t\t\t<\/a>\n\t\t\t\t<\/div>\n\t\t\t\t\t\t\t\t<\/div>\n\t\t\t\t<\/div>\n\t\t\t\t<\/div>\n\t\t\t\t\t<\/div>\n\t\t\t\t<\/div>\n\t\t<div class=\"elementor-element elementor-element-815ed13 e-flex e-con-boxed e-con e-parent\" data-id=\"815ed13\" data-element_type=\"container\" data-settings=\"{&quot;background_background&quot;:&quot;classic&quot;}\">\n\t\t\t\t\t<div class=\"e-con-inner\">\n\t\t<div class=\"elementor-element elementor-element-d638519 animated-slow e-con-full e-flex elementor-invisible e-con e-child\" data-id=\"d638519\" data-element_type=\"container\" data-settings=\"{&quot;animation&quot;:&quot;fadeInLeft&quot;,&quot;animation_delay&quot;:500}\">\n\t\t\t\t<div class=\"elementor-element elementor-element-6d9bd07 elementor-widget elementor-widget-heading\" data-id=\"6d9bd07\" data-element_type=\"widget\" data-widget_type=\"heading.default\">\n\t\t\t\t<div class=\"elementor-widget-container\">\n\t\t\t\t\t<h2 class=\"elementor-heading-title elementor-size-default\">Our packages<\/br>for your stopover evenings<\/h2>\t\t\t\t<\/div>\n\t\t\t\t<\/div>\n\t\t\t\t<div class=\"elementor-element elementor-element-5d97ddc elementor-widget elementor-widget-text-editor\" data-id=\"5d97ddc\" data-element_type=\"widget\" data-widget_type=\"text-editor.default\">\n\t\t\t\t<div class=\"elementor-widget-container\">\n\t\t\t\t\t\t\t\t\t<p>During your getaway, you'll enjoy a comfortable room designed for relaxation, a gourmet dinner just like at home, and a generous breakfast to get the day off to a good start. The personalised welcome, peaceful setting and immediate proximity to the motorway and the centre of N\u00eemes make your stay both practical and enjoyable. Every detail is designed to turn a business obligation into a soothing and inspiring experience.<\/p>\t\t\t\t\t\t\t\t<\/div>\n\t\t\t\t<\/div>\n\t\t\t\t<\/div>\n\t\t<div class=\"elementor-element elementor-element-7f66be9 e-con-full e-flex e-con e-child\" data-id=\"7f66be9\" data-element_type=\"container\" data-settings=\"{&quot;background_background&quot;:&quot;classic&quot;}\">\n\t\t\t\t<div class=\"elementor-element elementor-element-06ecc24 elementor-widget__width-initial elementor-widget elementor-widget-image\" data-id=\"06ecc24\" data-element_type=\"widget\" data-widget_type=\"image.default\">\n\t\t\t\t<div class=\"elementor-widget-container\">\n\t\t\t\t\t\t\t\t\t\t\t\t\t\t\t<img decoding=\"async\" width=\"2560\" height=\"1708\" src=\"https:\/\/www.lepregaloffre.com\/wp-content\/uploads\/2022\/10\/detail-chambre-scaled.jpg\" class=\"attachment-full size-full wp-image-3553\" alt=\"\" srcset=\"https:\/\/www.lepregaloffre.com\/wp-content\/uploads\/2022\/10\/detail-chambre-scaled.jpg 2560w, https:\/\/www.lepregaloffre.com\/wp-content\/uploads\/2022\/10\/detail-chambre-300x200.jpg 300w, https:\/\/www.lepregaloffre.com\/wp-content\/uploads\/2022\/10\/detail-chambre-1024x683.jpg 1024w, https:\/\/www.lepregaloffre.com\/wp-content\/uploads\/2022\/10\/detail-chambre-768x512.jpg 768w, https:\/\/www.lepregaloffre.com\/wp-content\/uploads\/2022\/10\/detail-chambre-1536x1025.jpg 1536w, https:\/\/www.lepregaloffre.com\/wp-content\/uploads\/2022\/10\/detail-chambre-2048x1366.jpg 2048w, https:\/\/www.lepregaloffre.com\/wp-content\/uploads\/2022\/10\/detail-chambre-18x12.jpg 18w\" sizes=\"(max-width: 2560px) 100vw, 2560px\" title=\"\">\t\t\t\t\t\t\t\t\t\t\t\t\t\t\t<\/div>\n\t\t\t\t<\/div>\n\t\t<div class=\"elementor-element elementor-element-bf75878 elementor-hidden-mobile e-con-full e-flex e-con e-child\" data-id=\"bf75878\" data-element_type=\"container\">\n\t\t\t\t<div class=\"elementor-element elementor-element-7199d79 elementor-widget elementor-widget-image\" data-id=\"7199d79\" data-element_type=\"widget\" data-widget_type=\"image.default\">\n\t\t\t\t<div class=\"elementor-widget-container\">\n\t\t\t\t\t\t\t\t\t\t\t\t\t\t\t<img decoding=\"async\" width=\"2560\" height=\"1708\" src=\"https:\/\/www.lepregaloffre.com\/wp-content\/uploads\/2025\/12\/chambre-superieure-4-scaled.jpg\" class=\"attachment-full size-full wp-image-3539\" alt=\"\" srcset=\"https:\/\/www.lepregaloffre.com\/wp-content\/uploads\/2025\/12\/chambre-superieure-4-scaled.jpg 2560w, https:\/\/www.lepregaloffre.com\/wp-content\/uploads\/2025\/12\/chambre-superieure-4-300x200.jpg 300w, https:\/\/www.lepregaloffre.com\/wp-content\/uploads\/2025\/12\/chambre-superieure-4-1024x683.jpg 1024w, https:\/\/www.lepregaloffre.com\/wp-content\/uploads\/2025\/12\/chambre-superieure-4-768x512.jpg 768w, https:\/\/www.lepregaloffre.com\/wp-content\/uploads\/2025\/12\/chambre-superieure-4-1536x1025.jpg 1536w, https:\/\/www.lepregaloffre.com\/wp-content\/uploads\/2025\/12\/chambre-superieure-4-2048x1366.jpg 2048w, https:\/\/www.lepregaloffre.com\/wp-content\/uploads\/2025\/12\/chambre-superieure-4-18x12.jpg 18w\" sizes=\"(max-width: 2560px) 100vw, 2560px\" title=\"\">\t\t\t\t\t\t\t\t\t\t\t\t\t\t\t<\/div>\n\t\t\t\t<\/div>\n\t\t\t\t<div class=\"elementor-element elementor-element-68d9594 elementor-widget elementor-widget-image\" data-id=\"68d9594\" data-element_type=\"widget\" data-widget_type=\"image.default\">\n\t\t\t\t<div class=\"elementor-widget-container\">\n\t\t\t\t\t\t\t\t\t\t\t\t\t\t\t<img loading=\"lazy\" decoding=\"async\" width=\"2560\" height=\"1708\" src=\"https:\/\/www.lepregaloffre.com\/wp-content\/uploads\/2025\/12\/petit-dejeuner-scaled.jpg\" class=\"attachment-full size-full wp-image-3638\" alt=\"\" srcset=\"https:\/\/www.lepregaloffre.com\/wp-content\/uploads\/2025\/12\/petit-dejeuner-scaled.jpg 2560w, https:\/\/www.lepregaloffre.com\/wp-content\/uploads\/2025\/12\/petit-dejeuner-300x200.jpg 300w, https:\/\/www.lepregaloffre.com\/wp-content\/uploads\/2025\/12\/petit-dejeuner-1024x683.jpg 1024w, https:\/\/www.lepregaloffre.com\/wp-content\/uploads\/2025\/12\/petit-dejeuner-768x512.jpg 768w, https:\/\/www.lepregaloffre.com\/wp-content\/uploads\/2025\/12\/petit-dejeuner-1536x1025.jpg 1536w, https:\/\/www.lepregaloffre.com\/wp-content\/uploads\/2025\/12\/petit-dejeuner-2048x1366.jpg 2048w, https:\/\/www.lepregaloffre.com\/wp-content\/uploads\/2025\/12\/petit-dejeuner-18x12.jpg 18w\" sizes=\"(max-width: 2560px) 100vw, 2560px\" title=\"\">\t\t\t\t\t\t\t\t\t\t\t\t\t\t\t<\/div>\n\t\t\t\t<\/div>\n\t\t\t\t<\/div>\n\t\t\t\t<\/div>\n\t\t\t\t\t<\/div>\n\t\t\t\t<\/div>\n\t\t<div class=\"elementor-element elementor-element-333e15b e-flex e-con-boxed e-con e-parent\" data-id=\"333e15b\" data-element_type=\"container\">\n\t\t\t\t\t<div class=\"e-con-inner\">\n\t\t\t\t<div class=\"elementor-element elementor-element-2db735d elementor-widget__width-initial elementor-widget elementor-widget-image\" data-id=\"2db735d\" data-element_type=\"widget\" data-widget_type=\"image.default\">\n\t\t\t\t<div class=\"elementor-widget-container\">\n\t\t\t\t\t\t\t\t\t\t\t\t\t\t\t<img loading=\"lazy\" decoding=\"async\" width=\"800\" height=\"534\" src=\"https:\/\/www.lepregaloffre.com\/wp-content\/uploads\/2025\/12\/bureau-chambre-pre-galoffre-1024x683.jpg\" class=\"attachment-large size-large wp-image-3643\" alt=\"\" srcset=\"https:\/\/www.lepregaloffre.com\/wp-content\/uploads\/2025\/12\/bureau-chambre-pre-galoffre-1024x683.jpg 1024w, https:\/\/www.lepregaloffre.com\/wp-content\/uploads\/2025\/12\/bureau-chambre-pre-galoffre-300x200.jpg 300w, https:\/\/www.lepregaloffre.com\/wp-content\/uploads\/2025\/12\/bureau-chambre-pre-galoffre-768x512.jpg 768w, https:\/\/www.lepregaloffre.com\/wp-content\/uploads\/2025\/12\/bureau-chambre-pre-galoffre-1536x1025.jpg 1536w, https:\/\/www.lepregaloffre.com\/wp-content\/uploads\/2025\/12\/bureau-chambre-pre-galoffre-2048x1366.jpg 2048w, https:\/\/www.lepregaloffre.com\/wp-content\/uploads\/2025\/12\/bureau-chambre-pre-galoffre-18x12.jpg 18w\" sizes=\"(max-width: 800px) 100vw, 800px\" title=\"\">\t\t\t\t\t\t\t\t\t\t\t\t\t\t\t<\/div>\n\t\t\t\t<\/div>\n\t\t\t\t<div class=\"elementor-element elementor-element-30ae189 elementor-widget__width-initial elementor-widget elementor-widget-image\" data-id=\"30ae189\" data-element_type=\"widget\" data-widget_type=\"image.default\">\n\t\t\t\t<div class=\"elementor-widget-container\">\n\t\t\t\t\t\t\t\t\t\t\t\t\t\t\t<img loading=\"lazy\" decoding=\"async\" width=\"2560\" height=\"1708\" src=\"https:\/\/www.lepregaloffre.com\/wp-content\/uploads\/2025\/12\/detente-lobby-coin-du-feu-scaled.jpg\" class=\"attachment-full size-full wp-image-3639\" alt=\"\" srcset=\"https:\/\/www.lepregaloffre.com\/wp-content\/uploads\/2025\/12\/detente-lobby-coin-du-feu-scaled.jpg 2560w, https:\/\/www.lepregaloffre.com\/wp-content\/uploads\/2025\/12\/detente-lobby-coin-du-feu-300x200.jpg 300w, https:\/\/www.lepregaloffre.com\/wp-content\/uploads\/2025\/12\/detente-lobby-coin-du-feu-1024x683.jpg 1024w, https:\/\/www.lepregaloffre.com\/wp-content\/uploads\/2025\/12\/detente-lobby-coin-du-feu-768x512.jpg 768w, https:\/\/www.lepregaloffre.com\/wp-content\/uploads\/2025\/12\/detente-lobby-coin-du-feu-1536x1025.jpg 1536w, https:\/\/www.lepregaloffre.com\/wp-content\/uploads\/2025\/12\/detente-lobby-coin-du-feu-2048x1366.jpg 2048w, https:\/\/www.lepregaloffre.com\/wp-content\/uploads\/2025\/12\/detente-lobby-coin-du-feu-18x12.jpg 18w\" sizes=\"(max-width: 2560px) 100vw, 2560px\" title=\"\">\t\t\t\t\t\t\t\t\t\t\t\t\t\t\t<\/div>\n\t\t\t\t<\/div>\n\t\t\t\t\t<\/div>\n\t\t\t\t<\/div>\n\t\t<div class=\"elementor-element elementor-element-fb79d58 e-con-full e-flex e-con e-parent\" data-id=\"fb79d58\" data-element_type=\"container\">\n\t\t<div class=\"elementor-element elementor-element-d0910b0 e-con-full e-flex e-con e-child\" data-id=\"d0910b0\" data-element_type=\"container\" data-settings=\"{&quot;background_background&quot;:&quot;classic&quot;}\">\n\t\t\t\t<div class=\"elementor-element elementor-element-54f4c0f elementor--h-position-left elementor--v-position-bottom elementor-widget elementor-widget-slides\" data-id=\"54f4c0f\" data-element_type=\"widget\" data-settings=\"{&quot;navigation&quot;:&quot;none&quot;,&quot;autoplay&quot;:&quot;yes&quot;,&quot;pause_on_hover&quot;:&quot;yes&quot;,&quot;pause_on_interaction&quot;:&quot;yes&quot;,&quot;autoplay_speed&quot;:5000,&quot;infinite&quot;:&quot;yes&quot;,&quot;transition&quot;:&quot;slide&quot;,&quot;transition_speed&quot;:500}\" data-widget_type=\"slides.default\">\n\t\t\t\t<div class=\"elementor-widget-container\">\n\t\t\t\t\t\t\t\t\t<div class=\"elementor-swiper\">\n\t\t\t\t\t<div class=\"elementor-slides-wrapper elementor-main-swiper swiper\" role=\"region\" aria-roledescription=\"carousel\" aria-label=\"Slides\" dir=\"ltr\" data-animation=\"fadeInUp\">\n\t\t\t\t<div class=\"swiper-wrapper elementor-slides\">\n\t\t\t\t\t\t\t\t\t\t<div class=\"elementor-repeater-item-3ab0fe5 swiper-slide\" role=\"group\" aria-roledescription=\"slide\"><div class=\"swiper-slide-bg\"><\/div><a class=\"swiper-slide-inner\" href=\"https:\/\/www.lepregaloffre.com\/en\/rooms\/\"><div class=\"swiper-slide-contents\"><div class=\"elementor-slide-heading\">Rooms<\/div><\/div><\/a><\/div>\t\t\t\t<\/div>\n\t\t\t\t\t\t\t<\/div>\n\t\t\t\t<\/div>\n\t\t\t\t\t\t\t\t<\/div>\n\t\t\t\t<\/div>\n\t\t\t\t<\/div>\n\t\t<div class=\"elementor-element elementor-element-30b01b6 e-con-full e-flex e-con e-child\" data-id=\"30b01b6\" data-element_type=\"container\" data-settings=\"{&quot;background_background&quot;:&quot;classic&quot;}\">\n\t\t\t\t<div class=\"elementor-element elementor-element-b5d21da elementor--h-position-left elementor--v-position-bottom elementor-widget elementor-widget-slides\" data-id=\"b5d21da\" data-element_type=\"widget\" data-settings=\"{&quot;navigation&quot;:&quot;none&quot;,&quot;autoplay&quot;:&quot;yes&quot;,&quot;pause_on_hover&quot;:&quot;yes&quot;,&quot;pause_on_interaction&quot;:&quot;yes&quot;,&quot;autoplay_speed&quot;:5000,&quot;infinite&quot;:&quot;yes&quot;,&quot;transition&quot;:&quot;slide&quot;,&quot;transition_speed&quot;:500}\" data-widget_type=\"slides.default\">\n\t\t\t\t<div class=\"elementor-widget-container\">\n\t\t\t\t\t\t\t\t\t<div class=\"elementor-swiper\">\n\t\t\t\t\t<div class=\"elementor-slides-wrapper elementor-main-swiper swiper\" role=\"region\" aria-roledescription=\"carousel\" aria-label=\"Slides\" dir=\"ltr\" data-animation=\"fadeInUp\">\n\t\t\t\t<div class=\"swiper-wrapper elementor-slides\">\n\t\t\t\t\t\t\t\t\t\t<div class=\"elementor-repeater-item-3ab0fe5 swiper-slide\" role=\"group\" aria-roledescription=\"slide\"><div class=\"swiper-slide-bg\"><\/div><a class=\"swiper-slide-inner\" href=\"https:\/\/www.lepregaloffre.com\/en\/activities-in-nimes\/\"><div class=\"swiper-slide-contents\"><div class=\"elementor-slide-heading\">Relaxation<\/div><\/div><\/a><\/div>\t\t\t\t<\/div>\n\t\t\t\t\t\t\t<\/div>\n\t\t\t\t<\/div>\n\t\t\t\t\t\t\t\t<\/div>\n\t\t\t\t<\/div>\n\t\t\t\t<\/div>\n\t\t<div class=\"elementor-element elementor-element-f89db4f e-con-full e-flex e-con e-child\" data-id=\"f89db4f\" data-element_type=\"container\" data-settings=\"{&quot;background_background&quot;:&quot;classic&quot;}\">\n\t\t\t\t<div class=\"elementor-element elementor-element-9fdd4da elementor--h-position-left elementor--v-position-bottom elementor-widget elementor-widget-slides\" data-id=\"9fdd4da\" data-element_type=\"widget\" data-settings=\"{&quot;navigation&quot;:&quot;none&quot;,&quot;autoplay&quot;:&quot;yes&quot;,&quot;pause_on_hover&quot;:&quot;yes&quot;,&quot;pause_on_interaction&quot;:&quot;yes&quot;,&quot;autoplay_speed&quot;:5000,&quot;infinite&quot;:&quot;yes&quot;,&quot;transition&quot;:&quot;slide&quot;,&quot;transition_speed&quot;:500}\" data-widget_type=\"slides.default\">\n\t\t\t\t<div class=\"elementor-widget-container\">\n\t\t\t\t\t\t\t\t\t<div class=\"elementor-swiper\">\n\t\t\t\t\t<div class=\"elementor-slides-wrapper elementor-main-swiper swiper\" role=\"region\" aria-roledescription=\"carousel\" aria-label=\"Slides\" dir=\"ltr\" data-animation=\"fadeInUp\">\n\t\t\t\t<div class=\"swiper-wrapper elementor-slides\">\n\t\t\t\t\t\t\t\t\t\t<div class=\"elementor-repeater-item-3ab0fe5 swiper-slide\" role=\"group\" aria-roledescription=\"slide\"><div class=\"swiper-slide-bg\"><\/div><a class=\"swiper-slide-inner\" href=\"https:\/\/www.lepregaloffre.com\/en\/tourism\/\"><div class=\"swiper-slide-contents\"><div class=\"elementor-slide-heading\">Tourism<\/div><\/div><\/a><\/div>\t\t\t\t<\/div>\n\t\t\t\t\t\t\t<\/div>\n\t\t\t\t<\/div>\n\t\t\t\t\t\t\t\t<\/div>\n\t\t\t\t<\/div>\n\t\t\t\t<\/div>\n\t\t\t\t<\/div>\n\t\t\t\t<\/div>","protected":false},"excerpt":{"rendered":"<p>at your hotel in N\u00eemes Your hotel in N\u00eemes, an active and festive city Nestling in the heart of the N\u00eemes garrigue, Le Pr\u00e9 Galoffre offers business travellers a serene stopover. In the discreet charm of our country house, each evening combines comfort and authenticity: a tasty dinner prepared by our [...]<\/p>","protected":false},"author":11,"featured_media":0,"parent":0,"menu_order":0,"comment_status":"closed","ping_status":"closed","template":"","meta":{"_acf_changed":false,"inline_featured_image":false,"footnotes":""},"class_list":["post-205","page","type-page","status-publish","hentry"],"acf":[],"_links":{"self":[{"href":"https:\/\/www.lepregaloffre.com\/en\/wp-json\/wp\/v2\/pages\/205","targetHints":{"allow":["GET"]}}],"collection":[{"href":"https:\/\/www.lepregaloffre.com\/en\/wp-json\/wp\/v2\/pages"}],"about":[{"href":"https:\/\/www.lepregaloffre.com\/en\/wp-json\/wp\/v2\/types\/page"}],"author":[{"embeddable":true,"href":"https:\/\/www.lepregaloffre.com\/en\/wp-json\/wp\/v2\/users\/11"}],"replies":[{"embeddable":true,"href":"https:\/\/www.lepregaloffre.com\/en\/wp-json\/wp\/v2\/comments?post=205"}],"version-history":[{"count":324,"href":"https:\/\/www.lepregaloffre.com\/en\/wp-json\/wp\/v2\/pages\/205\/revisions"}],"predecessor-version":[{"id":4120,"href":"https:\/\/www.lepregaloffre.com\/en\/wp-json\/wp\/v2\/pages\/205\/revisions\/4120"}],"wp:attachment":[{"href":"https:\/\/www.lepregaloffre.com\/en\/wp-json\/wp\/v2\/media?parent=205"}],"curies":[{"name":"wp","href":"https:\/\/api.w.org\/{rel}","templated":true}]}}