{"id":3883,"date":"2025-12-09T07:44:34","date_gmt":"2025-12-09T06:44:34","guid":{"rendered":"https:\/\/www.lepregaloffre.com\/?page_id=3883"},"modified":"2026-02-19T14:47:27","modified_gmt":"2026-02-19T13:47:27","slug":"special-offers","status":"publish","type":"page","link":"https:\/\/www.lepregaloffre.com\/en\/special-offers\/","title":{"rendered":"Special offers"},"content":{"rendered":"<div data-elementor-type=\"wp-page\" data-elementor-id=\"3883\" class=\"elementor elementor-3883\" data-elementor-post-type=\"page\">\n\t\t\t\t<div class=\"elementor-element elementor-element-8fb1510 e-con-full e-flex e-con e-parent\" data-id=\"8fb1510\" data-element_type=\"container\" data-settings=\"{&quot;background_background&quot;:&quot;classic&quot;}\">\n\t\t\t\t<div class=\"elementor-element elementor-element-ed8745e elementor-widget elementor-widget-heading\" data-id=\"ed8745e\" data-element_type=\"widget\" data-widget_type=\"heading.default\">\n\t\t\t\t<div class=\"elementor-widget-container\">\n\t\t\t\t\t<h1 class=\"elementor-heading-title elementor-size-default\">Enjoy a stay in N\u00eemes<\/h1>\t\t\t\t<\/div>\n\t\t\t\t<\/div>\n\t\t\t\t<div class=\"elementor-element elementor-element-356d049 elementor-widget__width-auto elementor-absolute e-transform elementor-view-default elementor-widget elementor-widget-icon\" data-id=\"356d049\" data-element_type=\"widget\" data-settings=\"{&quot;_position&quot;:&quot;absolute&quot;,&quot;_transform_rotateZ_effect&quot;:{&quot;unit&quot;:&quot;px&quot;,&quot;size&quot;:90,&quot;sizes&quot;:[]},&quot;_transform_rotateZ_effect_tablet&quot;:{&quot;unit&quot;:&quot;deg&quot;,&quot;size&quot;:&quot;&quot;,&quot;sizes&quot;:[]},&quot;_transform_rotateZ_effect_mobile&quot;:{&quot;unit&quot;:&quot;deg&quot;,&quot;size&quot;:&quot;&quot;,&quot;sizes&quot;:[]}}\" data-widget_type=\"icon.default\">\n\t\t\t\t<div class=\"elementor-widget-container\">\n\t\t\t\t\t\t\t<div class=\"elementor-icon-wrapper\">\n\t\t\t<a class=\"elementor-icon\" href=\"#first-content\">\n\t\t\t<i aria-hidden=\"true\" class=\"eliofont eliofont-arrow-right\"><\/i>\t\t\t<\/a>\n\t\t<\/div>\n\t\t\t\t\t\t<\/div>\n\t\t\t\t<\/div>\n\t\t\t\t<\/div>\n\t\t<div class=\"elementor-element elementor-element-84c7bc8 e-con-full e-flex e-con e-parent\" data-id=\"84c7bc8\" data-element_type=\"container\" id=\"first-content\" data-settings=\"{&quot;background_background&quot;:&quot;classic&quot;}\">\n\t\t\t\t<div class=\"elementor-element elementor-element-ad8a0fc elementor-widget elementor-widget-heading\" data-id=\"ad8a0fc\" data-element_type=\"widget\" data-widget_type=\"heading.default\">\n\t\t\t\t<div class=\"elementor-widget-container\">\n\t\t\t\t\t<span class=\"elementor-heading-title elementor-size-default\">Our special offers<\/span>\t\t\t\t<\/div>\n\t\t\t\t<\/div>\n\t\t\t\t<div class=\"elementor-element elementor-element-5cb5fce elementor-grid-2 elementor-pagination-type-bullets elementor-grid-tablet-2 elementor-grid-mobile-1 elementor-arrows-position-inside elementor-widget elementor-widget-offers-list\" data-id=\"5cb5fce\" data-element_type=\"widget\" data-settings=\"{&quot;element_skin&quot;:&quot;card&quot;,&quot;cards_columns&quot;:&quot;2&quot;,&quot;space_between&quot;:{&quot;unit&quot;:&quot;px&quot;,&quot;size&quot;:10,&quot;sizes&quot;:[]},&quot;space_between_tablet&quot;:{&quot;unit&quot;:&quot;px&quot;,&quot;size&quot;:10,&quot;sizes&quot;:[]},&quot;space_between_mobile&quot;:{&quot;unit&quot;:&quot;px&quot;,&quot;size&quot;:10,&quot;sizes&quot;:[]},&quot;effect&quot;:&quot;slide&quot;,&quot;autoplay&quot;:&quot;no&quot;,&quot;swiper_arrows&quot;:&quot;yes&quot;,&quot;chevrons_visible&quot;:&quot;hover&quot;,&quot;cursor_grab&quot;:&quot;yes&quot;,&quot;carousel_first_only&quot;:&quot;no&quot;,&quot;infinite&quot;:&quot;yes&quot;,&quot;pagination&quot;:&quot;bullets&quot;,&quot;categories_filter&quot;:[&quot;*&quot;],&quot;item_ignore_filter&quot;:[],&quot;validity_date_format&quot;:&quot;long&quot;,&quot;cards_columns_tablet&quot;:&quot;2&quot;,&quot;cards_columns_mobile&quot;:&quot;1&quot;,&quot;row_gap&quot;:{&quot;unit&quot;:&quot;px&quot;,&quot;size&quot;:35,&quot;sizes&quot;:[]}}\" data-widget_type=\"offers-list.default\">\n\t\t\t\t<div class=\"elementor-widget-container\">\n\t\t\t\t\t                        <div class=\"eliophot-offers eliophot-offers__wrapper eliophot-base-list elementor-grid\">\n                    <input type=\"hidden\" class=\"api_id\" value=\"\">\n                            <div\n                class=\"eliophot-offer__container eliophot-base-list__container elementor-grid-item   eliophot-offer__skin-card eliophot-offer_ID_4138\"\n                data-category=\"\"\n                data-title = \"Romance \u00e0 N\u00eemes\"\n                data-name = \"romance-a-nimes\"\n        >\n            \n        <div class=\"eliophot-carousel__slider elementor-swiper\">\n\n                            <div class=\"eliophot-carousel-wrapper elementor-main-swiper swiper\">\n                    <div class=\"elementor-image-carousel swiper-wrapper swiper-image-stretch\">\n                        <!-- Slides -->\n                                                    <div class=\"swiper-slide\">\n                                <div class=\"elementor-carousel-image slide-0-image\" style=\"background-image: url('https:\/\/www.lepregaloffre.com\/wp-content\/uploads\/2025\/12\/room-service-champagne-scaled.jpg');\"><\/div>\n                                <link itemprop=\"image\" href=\"https:\/\/www.lepregaloffre.com\/wp-content\/uploads\/2025\/12\/room-service-champagne-scaled.jpg\" \/>\n                            <\/div>\n                                            <\/div>\n\n                \n                <\/div>\n            \n        <\/div>\n        <div class=\"eliophot-offer__group\">            <div class=\"eliophot-offer__body\">\n                        <!-- TODO: if page link enabled -->\n        <h3 class=\"eliophot-offer__title\">\n            <span class=\"title_before\"><\/span>\n            <a  href=\"https:\/\/www.lepregaloffre.com\/en\/special-offers\/romance-in-nimes\/\">\n                            Romance in N\u00eemes            <\/a>\n        <\/h3>\n                    <div class=\"eliophot-offer__summary\">\n                <p\n                                    >\n                    Celebrate love at Le Pr\u00e9 Galoffre                <\/p>\n            <\/div>\n                        <\/div>\n\n            \n        <div class=\"eliophot-offer__cta\" itemprop=\"offers\" itemscope itemtype=\"https:\/\/schema.org\/Offer\">\n            <div class=\"eliophot-offer__cta_container\">\n                                    <input type=\"hidden\" name=\"id_offer\" value=\"4138\"\/>\n                    <div class=\"eliophot-offer__cta_title\" itemprop=\"priceSpecification\" itemscope itemtype=\"https:\/\/schema.org\/UnitPriceSpecification\">\n                                            <\/div>\n\n                                <div class=\"eliophot-offer__cta_buttons\">\n                \n                        <a href=\"https:\/\/www.lepregaloffre.com\/en\/special-offers\/?namastay=true&amp;ratePlanCode=ROMANCE\"                           target=\"_blank\" class=\"eliophot-offer__cta_button eliophot-offer__cta_button_main elementor-button-link elementor-button elementor-size-sm\">\n                            Book\n                        <\/a>\n                \n                                            <a href=\"https:\/\/www.lepregaloffre.com\/en\/special-offers\/romance-in-nimes\/\" class=\"eliophot-offer__cta_button eliophot-offer__cta_button_second elementor-button-link elementor-button elementor-size-sm\">\n                            Discover                        <\/a>\n                                    <\/div>\n            <\/div>\n        <\/div>\n                    <\/div>        <\/div>\n                <div\n                class=\"eliophot-offer__container eliophot-base-list__container elementor-grid-item   eliophot-offer__skin-card eliophot-offer_ID_3691\"\n                data-category=\"\"\n                data-title = \"Escapade N\u00eemoise\"\n                data-name = \"escapade-nimoise\"\n        >\n            \n        <div class=\"eliophot-carousel__slider elementor-swiper\">\n\n                            <div class=\"eliophot-carousel-wrapper elementor-main-swiper swiper\">\n                    <div class=\"elementor-image-carousel swiper-wrapper swiper-image-stretch\">\n                        <!-- Slides -->\n                                                    <div class=\"swiper-slide\">\n                                <div class=\"elementor-carousel-image slide-0-image\" style=\"background-image: url('https:\/\/www.lepregaloffre.com\/wp-content\/uploads\/2026\/02\/PRG-Mezzanine-1-scaled.jpg');\"><\/div>\n                                <link itemprop=\"image\" href=\"https:\/\/www.lepregaloffre.com\/wp-content\/uploads\/2026\/02\/PRG-Mezzanine-1-scaled.jpg\" \/>\n                            <\/div>\n                                            <\/div>\n\n                \n                <\/div>\n            \n        <\/div>\n        <div class=\"eliophot-offer__group\">            <div class=\"eliophot-offer__body\">\n                        <!-- TODO: if page link enabled -->\n        <h3 class=\"eliophot-offer__title\">\n            <span class=\"title_before\"><\/span>\n            <a  href=\"https:\/\/www.lepregaloffre.com\/en\/special-offers\/nimes-getaway\/\">\n                            N\u00eemes Getaway            <\/a>\n        <\/h3>\n                    <div class=\"eliophot-offer__summary\">\n                <p\n                                    >\n                    A few minutes from the historic centre                <\/p>\n            <\/div>\n                        <\/div>\n\n            \n        <div class=\"eliophot-offer__cta\" itemprop=\"offers\" itemscope itemtype=\"https:\/\/schema.org\/Offer\">\n            <div class=\"eliophot-offer__cta_container\">\n                                    <input type=\"hidden\" name=\"id_offer\" value=\"3691\"\/>\n                    <div class=\"eliophot-offer__cta_title\" itemprop=\"priceSpecification\" itemscope itemtype=\"https:\/\/schema.org\/UnitPriceSpecification\">\n                                            <\/div>\n\n                                <div class=\"eliophot-offer__cta_buttons\">\n                \n                        <a href=\"?namastay=true&amp;ratePlanCode=ESCAPADE\"                           target=\"_blank\" class=\"eliophot-offer__cta_button eliophot-offer__cta_button_main elementor-button-link elementor-button elementor-size-sm\">\n                            Book\n                        <\/a>\n                \n                                            <a href=\"https:\/\/www.lepregaloffre.com\/en\/special-offers\/nimes-getaway\/\" class=\"eliophot-offer__cta_button eliophot-offer__cta_button_second elementor-button-link elementor-button elementor-size-sm\">\n                            Discover                        <\/a>\n                                    <\/div>\n            <\/div>\n        <\/div>\n                    <\/div>        <\/div>\n                        <\/div>\n\n                \t\t\t\t<\/div>\n\t\t\t\t<\/div>\n\t\t\t\t<\/div>\n\t\t\t\t<\/div>","protected":false},"excerpt":{"rendered":"<p>Profitez d&rsquo;un s\u00e9jour \u00e0 N\u00eemes Nos offres sp\u00e9ciales Escapade N\u00eemoise \u00c0 quelques minutes du centre historique R\u00e9server D\u00e9couvrir Romance \u00e0 N\u00eemes C\u00e9l\u00e9brez l&#039;amour au Pr\u00e9 Galoffre R\u00e9server D\u00e9couvrir Week-end n\u00eemois 25% de remise sur votre deuxi\u00e8me nuit R\u00e9server D\u00e9couvrir<\/p>","protected":false},"author":11,"featured_media":0,"parent":0,"menu_order":0,"comment_status":"closed","ping_status":"closed","template":"","meta":{"_acf_changed":false,"inline_featured_image":false,"footnotes":""},"class_list":["post-3883","page","type-page","status-publish","hentry"],"acf":[],"_links":{"self":[{"href":"https:\/\/www.lepregaloffre.com\/en\/wp-json\/wp\/v2\/pages\/3883","targetHints":{"allow":["GET"]}}],"collection":[{"href":"https:\/\/www.lepregaloffre.com\/en\/wp-json\/wp\/v2\/pages"}],"about":[{"href":"https:\/\/www.lepregaloffre.com\/en\/wp-json\/wp\/v2\/types\/page"}],"author":[{"embeddable":true,"href":"https:\/\/www.lepregaloffre.com\/en\/wp-json\/wp\/v2\/users\/11"}],"replies":[{"embeddable":true,"href":"https:\/\/www.lepregaloffre.com\/en\/wp-json\/wp\/v2\/comments?post=3883"}],"version-history":[{"count":22,"href":"https:\/\/www.lepregaloffre.com\/en\/wp-json\/wp\/v2\/pages\/3883\/revisions"}],"predecessor-version":[{"id":4161,"href":"https:\/\/www.lepregaloffre.com\/en\/wp-json\/wp\/v2\/pages\/3883\/revisions\/4161"}],"wp:attachment":[{"href":"https:\/\/www.lepregaloffre.com\/en\/wp-json\/wp\/v2\/media?parent=3883"}],"curies":[{"name":"wp","href":"https:\/\/api.w.org\/{rel}","templated":true}]}}